{"id":282,"date":"2023-08-31T16:45:19","date_gmt":"2023-08-31T14:45:19","guid":{"rendered":"https:\/\/latelierdubois.net\/?page_id=282"},"modified":"2024-01-16T10:55:55","modified_gmt":"2024-01-16T09:55:55","slug":"mentions-legales","status":"publish","type":"page","link":"https:\/\/latelierdubois.net\/index.php\/mentions-legales\/","title":{"rendered":"Mentions L\u00e9gales"},"content":{"rendered":"\n<p>Le pr\u00e9sent site Internet, ainsi que le nom commercial L&#8217;Atelier du Bois, sont la propri\u00e9t\u00e9 de la soci\u00e9t\u00e9 OCEMAX au capital de 5 000 Euros, immatricul\u00e9e au Registre du commerce et des soci\u00e9t\u00e9s de Nantes sous le num\u00e9ro 978 238 228.<\/p>\n\n\n\n<p>Le si\u00e8ge social est situ\u00e9 2 rue de la Boulardi\u00e8re 44390 Puceul \u2013 France. Tel. Entreprise : +33 06 67 05 00 12 <\/p>\n\n\n\n<p>mail : <a href=\"mailto:contact@latelierdubois.net\">contact@latelierdubois.net<\/a><\/p>\n\n\n\n<p><\/p>\n\n\n\n<h2 class=\"wp-block-heading\">H\u00e9bergement<\/h2>\n\n\n\n<p>H\u00e9bergement sur serveur Hostinger<\/p>\n\n\n\n<h2 class=\"wp-block-heading\">Propri\u00e9t\u00e9 intellectuelle<\/h2>\n\n\n\n<p>Le Site est la propri\u00e9t\u00e9 exclusive de L&#8217;Atelier du Bois seule habilit\u00e9e \u00e0 utiliser et exploiter les droits de propri\u00e9t\u00e9 intellectuelle et droits de la personnalit\u00e9 attach\u00e9s \u00e0 ce Site, notamment la structure g\u00e9n\u00e9rale, ainsi que les logiciels, textes, images anim\u00e9es ou fixes, savoir-faire, dessins, graphismes et tous autres \u00e9l\u00e9ments composant le Site, droits d\u2019auteur et droits \u00e0 l\u2019image, \u00e0 titre originaire. L\u2019usage de tout ou partie du site, notamment par t\u00e9l\u00e9chargement, reproduction, transmission ou repr\u00e9sentation \u00e0 d\u2019autres fins que pour usage personnel et priv\u00e9 dans un but non commercial est strictement interdit.<\/p>\n\n\n\n<h2 class=\"wp-block-heading\">RGPD<\/h2>\n\n\n\n<p>Suivre le lien suivant : <a href=\"https:\/\/latelierdubois.net\/index.php\/politique-de-confidentialite\/\">Politique de confidentialit\u00e9<\/a> <\/p>\n","protected":false},"excerpt":{"rendered":"<p>Le pr\u00e9sent site Internet, ainsi que le nom commercial L&#8217;Atelier du Bois, sont la propri\u00e9t\u00e9 de la soci\u00e9t\u00e9 OCEMAX au capital de 5 000 Euros, immatricul\u00e9e au Registre du commerce et des soci\u00e9t\u00e9s de Nantes sous le num\u00e9ro 978 238 228. Le si\u00e8ge social est situ\u00e9 2 rue de la Boulardi\u00e8re 44390 Puceul \u2013 France. Tel. Entreprise : +33 06 67 05 00 12 mail : contact@latelierdubois.net H\u00e9bergement H\u00e9bergement sur serveur Hostinger Propri\u00e9t\u00e9 intellectuelle Le Site est la propri\u00e9t\u00e9 exclusive de L&#8217;Atelier du Bois seule habilit\u00e9e \u00e0 utiliser et exploiter les droits de propri\u00e9t\u00e9 intellectuelle et droits de la personnalit\u00e9 attach\u00e9s \u00e0 ce Site, notamment la structure g\u00e9n\u00e9rale, ainsi que les logiciels, textes, images anim\u00e9es ou fixes, savoir-faire, dessins, graphismes et tous autres \u00e9l\u00e9ments composant le Site, droits d\u2019auteur et droits \u00e0 l\u2019image, \u00e0 titre originaire. L\u2019usage de tout ou partie du site, notamment par t\u00e9l\u00e9chargement, reproduction, transmission ou repr\u00e9sentation \u00e0 d\u2019autres fins que pour usage personnel et priv\u00e9 dans un but non commercial est strictement interdit. RGPD Suivre le lien suivant : Politique de confidentialit\u00e9<\/p>\n","protected":false},"author":1,"featured_media":0,"parent":0,"menu_order":0,"comment_status":"closed","ping_status":"closed","template":"","meta":{"_monsterinsights_skip_tracking":false,"_monsterinsights_sitenote_active":false,"_monsterinsights_sitenote_note":"","_monsterinsights_sitenote_category":0,"_uf_show_specific_survey":0,"_uf_disable_surveys":false,"footnotes":""},"class_list":["post-282","page","type-page","status-publish","hentry"],"yoast_head":"<!-- This site is optimized with the Yoast SEO plugin v27.3 - https:\/\/yoast.com\/product\/yoast-seo-wordpress\/ -->\n<title>Mentions L\u00e9gales - L&#039;ATELIER DU BOIS<\/title>\n<meta name=\"robots\" content=\"index, follow, max-snippet:-1, max-image-preview:large, max-video-preview:-1\" \/>\n<link rel=\"canonical\" href=\"https:\/\/latelierdubois.net\/index.php\/mentions-legales\/\" \/>\n<meta property=\"og:locale\" content=\"en_US\" \/>\n<meta property=\"og:type\" content=\"article\" \/>\n<meta property=\"og:title\" content=\"Mentions L\u00e9gales - L&#039;ATELIER DU BOIS\" \/>\n<meta property=\"og:description\" content=\"Le pr\u00e9sent site Internet, ainsi que le nom commercial L&#8217;Atelier du Bois, sont la propri\u00e9t\u00e9 de la soci\u00e9t\u00e9 OCEMAX au capital de 5 000 Euros, immatricul\u00e9e au Registre du commerce et des soci\u00e9t\u00e9s de Nantes sous le num\u00e9ro 978 238 228. Le si\u00e8ge social est situ\u00e9 2 rue de la Boulardi\u00e8re 44390 Puceul \u2013 France. Tel. Entreprise : +33 06 67 05 00 12 mail : contact@latelierdubois.net H\u00e9bergement H\u00e9bergement sur serveur Hostinger Propri\u00e9t\u00e9 intellectuelle Le Site est la propri\u00e9t\u00e9 exclusive de L&#8217;Atelier du Bois seule habilit\u00e9e \u00e0 utiliser et exploiter les droits de propri\u00e9t\u00e9 intellectuelle et droits de la personnalit\u00e9 attach\u00e9s \u00e0 ce Site, notamment la structure g\u00e9n\u00e9rale, ainsi que les logiciels, textes, images anim\u00e9es ou fixes, savoir-faire, dessins, graphismes et tous autres \u00e9l\u00e9ments composant le Site, droits d\u2019auteur et droits \u00e0 l\u2019image, \u00e0 titre originaire. L\u2019usage de tout ou partie du site, notamment par t\u00e9l\u00e9chargement, reproduction, transmission ou repr\u00e9sentation \u00e0 d\u2019autres fins que pour usage personnel et priv\u00e9 dans un but non commercial est strictement interdit. RGPD Suivre le lien suivant : Politique de confidentialit\u00e9\" \/>\n<meta property=\"og:url\" content=\"https:\/\/latelierdubois.net\/index.php\/mentions-legales\/\" \/>\n<meta property=\"og:site_name\" content=\"L&#039;ATELIER DU BOIS\" \/>\n<meta property=\"article:modified_time\" content=\"2024-01-16T09:55:55+00:00\" \/>\n<meta name=\"twitter:card\" content=\"summary_large_image\" \/>\n<meta name=\"twitter:label1\" content=\"Est. reading time\" \/>\n\t<meta name=\"twitter:data1\" content=\"1 minute\" \/>\n<script type=\"application\/ld+json\" class=\"yoast-schema-graph\">{\"@context\":\"https:\\\/\\\/schema.org\",\"@graph\":[{\"@type\":\"WebPage\",\"@id\":\"https:\\\/\\\/latelierdubois.net\\\/index.php\\\/mentions-legales\\\/\",\"url\":\"https:\\\/\\\/latelierdubois.net\\\/index.php\\\/mentions-legales\\\/\",\"name\":\"Mentions L\u00e9gales - L&#039;ATELIER DU BOIS\",\"isPartOf\":{\"@id\":\"https:\\\/\\\/latelierdubois.net\\\/#website\"},\"datePublished\":\"2023-08-31T14:45:19+00:00\",\"dateModified\":\"2024-01-16T09:55:55+00:00\",\"breadcrumb\":{\"@id\":\"https:\\\/\\\/latelierdubois.net\\\/index.php\\\/mentions-legales\\\/#breadcrumb\"},\"inLanguage\":\"en-US\",\"potentialAction\":[{\"@type\":\"ReadAction\",\"target\":[\"https:\\\/\\\/latelierdubois.net\\\/index.php\\\/mentions-legales\\\/\"]}]},{\"@type\":\"BreadcrumbList\",\"@id\":\"https:\\\/\\\/latelierdubois.net\\\/index.php\\\/mentions-legales\\\/#breadcrumb\",\"itemListElement\":[{\"@type\":\"ListItem\",\"position\":1,\"name\":\"Accueil\",\"item\":\"https:\\\/\\\/latelierdubois.net\\\/\"},{\"@type\":\"ListItem\",\"position\":2,\"name\":\"Mentions L\u00e9gales\"}]},{\"@type\":\"WebSite\",\"@id\":\"https:\\\/\\\/latelierdubois.net\\\/#website\",\"url\":\"https:\\\/\\\/latelierdubois.net\\\/\",\"name\":\"L'ATELIER DU BOIS\",\"description\":\"\",\"publisher\":{\"@id\":\"https:\\\/\\\/latelierdubois.net\\\/#organization\"},\"potentialAction\":[{\"@type\":\"SearchAction\",\"target\":{\"@type\":\"EntryPoint\",\"urlTemplate\":\"https:\\\/\\\/latelierdubois.net\\\/?s={search_term_string}\"},\"query-input\":{\"@type\":\"PropertyValueSpecification\",\"valueRequired\":true,\"valueName\":\"search_term_string\"}}],\"inLanguage\":\"en-US\"},{\"@type\":\"Organization\",\"@id\":\"https:\\\/\\\/latelierdubois.net\\\/#organization\",\"name\":\"L'ATELIER DU BOIS\",\"url\":\"https:\\\/\\\/latelierdubois.net\\\/\",\"logo\":{\"@type\":\"ImageObject\",\"inLanguage\":\"en-US\",\"@id\":\"https:\\\/\\\/latelierdubois.net\\\/#\\\/schema\\\/logo\\\/image\\\/\",\"url\":\"https:\\\/\\\/latelierdubois.net\\\/wp-content\\\/uploads\\\/2023\\\/11\\\/cropped-latelier-du-bois217.png\",\"contentUrl\":\"https:\\\/\\\/latelierdubois.net\\\/wp-content\\\/uploads\\\/2023\\\/11\\\/cropped-latelier-du-bois217.png\",\"width\":2216,\"height\":2324,\"caption\":\"L'ATELIER DU BOIS\"},\"image\":{\"@id\":\"https:\\\/\\\/latelierdubois.net\\\/#\\\/schema\\\/logo\\\/image\\\/\"}}]}<\/script>\n<!-- \/ Yoast SEO plugin. -->","yoast_head_json":{"title":"Mentions L\u00e9gales - L&#039;ATELIER DU BOIS","robots":{"index":"index","follow":"follow","max-snippet":"max-snippet:-1","max-image-preview":"max-image-preview:large","max-video-preview":"max-video-preview:-1"},"canonical":"https:\/\/latelierdubois.net\/index.php\/mentions-legales\/","og_locale":"en_US","og_type":"article","og_title":"Mentions L\u00e9gales - L&#039;ATELIER DU BOIS","og_description":"Le pr\u00e9sent site Internet, ainsi que le nom commercial L&#8217;Atelier du Bois, sont la propri\u00e9t\u00e9 de la soci\u00e9t\u00e9 OCEMAX au capital de 5 000 Euros, immatricul\u00e9e au Registre du commerce et des soci\u00e9t\u00e9s de Nantes sous le num\u00e9ro 978 238 228. Le si\u00e8ge social est situ\u00e9 2 rue de la Boulardi\u00e8re 44390 Puceul \u2013 France. Tel. Entreprise : +33 06 67 05 00 12 mail : contact@latelierdubois.net H\u00e9bergement H\u00e9bergement sur serveur Hostinger Propri\u00e9t\u00e9 intellectuelle Le Site est la propri\u00e9t\u00e9 exclusive de L&#8217;Atelier du Bois seule habilit\u00e9e \u00e0 utiliser et exploiter les droits de propri\u00e9t\u00e9 intellectuelle et droits de la personnalit\u00e9 attach\u00e9s \u00e0 ce Site, notamment la structure g\u00e9n\u00e9rale, ainsi que les logiciels, textes, images anim\u00e9es ou fixes, savoir-faire, dessins, graphismes et tous autres \u00e9l\u00e9ments composant le Site, droits d\u2019auteur et droits \u00e0 l\u2019image, \u00e0 titre originaire. L\u2019usage de tout ou partie du site, notamment par t\u00e9l\u00e9chargement, reproduction, transmission ou repr\u00e9sentation \u00e0 d\u2019autres fins que pour usage personnel et priv\u00e9 dans un but non commercial est strictement interdit. RGPD Suivre le lien suivant : Politique de confidentialit\u00e9","og_url":"https:\/\/latelierdubois.net\/index.php\/mentions-legales\/","og_site_name":"L&#039;ATELIER DU BOIS","article_modified_time":"2024-01-16T09:55:55+00:00","twitter_card":"summary_large_image","twitter_misc":{"Est. reading time":"1 minute"},"schema":{"@context":"https:\/\/schema.org","@graph":[{"@type":"WebPage","@id":"https:\/\/latelierdubois.net\/index.php\/mentions-legales\/","url":"https:\/\/latelierdubois.net\/index.php\/mentions-legales\/","name":"Mentions L\u00e9gales - L&#039;ATELIER DU BOIS","isPartOf":{"@id":"https:\/\/latelierdubois.net\/#website"},"datePublished":"2023-08-31T14:45:19+00:00","dateModified":"2024-01-16T09:55:55+00:00","breadcrumb":{"@id":"https:\/\/latelierdubois.net\/index.php\/mentions-legales\/#breadcrumb"},"inLanguage":"en-US","potentialAction":[{"@type":"ReadAction","target":["https:\/\/latelierdubois.net\/index.php\/mentions-legales\/"]}]},{"@type":"BreadcrumbList","@id":"https:\/\/latelierdubois.net\/index.php\/mentions-legales\/#breadcrumb","itemListElement":[{"@type":"ListItem","position":1,"name":"Accueil","item":"https:\/\/latelierdubois.net\/"},{"@type":"ListItem","position":2,"name":"Mentions L\u00e9gales"}]},{"@type":"WebSite","@id":"https:\/\/latelierdubois.net\/#website","url":"https:\/\/latelierdubois.net\/","name":"L'ATELIER DU BOIS","description":"","publisher":{"@id":"https:\/\/latelierdubois.net\/#organization"},"potentialAction":[{"@type":"SearchAction","target":{"@type":"EntryPoint","urlTemplate":"https:\/\/latelierdubois.net\/?s={search_term_string}"},"query-input":{"@type":"PropertyValueSpecification","valueRequired":true,"valueName":"search_term_string"}}],"inLanguage":"en-US"},{"@type":"Organization","@id":"https:\/\/latelierdubois.net\/#organization","name":"L'ATELIER DU BOIS","url":"https:\/\/latelierdubois.net\/","logo":{"@type":"ImageObject","inLanguage":"en-US","@id":"https:\/\/latelierdubois.net\/#\/schema\/logo\/image\/","url":"https:\/\/latelierdubois.net\/wp-content\/uploads\/2023\/11\/cropped-latelier-du-bois217.png","contentUrl":"https:\/\/latelierdubois.net\/wp-content\/uploads\/2023\/11\/cropped-latelier-du-bois217.png","width":2216,"height":2324,"caption":"L'ATELIER DU BOIS"},"image":{"@id":"https:\/\/latelierdubois.net\/#\/schema\/logo\/image\/"}}]}},"_links":{"self":[{"href":"https:\/\/latelierdubois.net\/index.php\/wp-json\/wp\/v2\/pages\/282","targetHints":{"allow":["GET"]}}],"collection":[{"href":"https:\/\/latelierdubois.net\/index.php\/wp-json\/wp\/v2\/pages"}],"about":[{"href":"https:\/\/latelierdubois.net\/index.php\/wp-json\/wp\/v2\/types\/page"}],"author":[{"embeddable":true,"href":"https:\/\/latelierdubois.net\/index.php\/wp-json\/wp\/v2\/users\/1"}],"replies":[{"embeddable":true,"href":"https:\/\/latelierdubois.net\/index.php\/wp-json\/wp\/v2\/comments?post=282"}],"version-history":[{"count":6,"href":"https:\/\/latelierdubois.net\/index.php\/wp-json\/wp\/v2\/pages\/282\/revisions"}],"predecessor-version":[{"id":477,"href":"https:\/\/latelierdubois.net\/index.php\/wp-json\/wp\/v2\/pages\/282\/revisions\/477"}],"wp:attachment":[{"href":"https:\/\/latelierdubois.net\/index.php\/wp-json\/wp\/v2\/media?parent=282"}],"curies":[{"name":"wp","href":"https:\/\/api.w.org\/{rel}","templated":true}]}}