{"id":33,"date":"2023-07-17T11:40:35","date_gmt":"2023-07-17T09:40:35","guid":{"rendered":"https:\/\/latelierdubois.net\/?page_id=33"},"modified":"2023-11-01T09:03:29","modified_gmt":"2023-11-01T08:03:29","slug":"qui-sommes-nous","status":"publish","type":"page","link":"https:\/\/latelierdubois.net\/index.php\/qui-sommes-nous\/","title":{"rendered":"QUI SOMMES NOUS ?"},"content":{"rendered":"\n<p><em>Qui sommes nous ?<\/em><\/p>\n\n\n\n<p>Sp\u00e9cialiste dans&nbsp;<strong>la conception et la fabrication<\/strong>&nbsp;de coffrets bois et coffrets techniques,<br><strong>L\u2019Atelier du Bois<\/strong>&nbsp;met \u00e0 votre disposition une expertise de<strong>&nbsp;plusieurs ann\u00e9es<\/strong>&nbsp;dans le domaine<br>de l\u2019emballage.<\/p>\n\n\n\n<p><br>L\u2019ensemble des produits&nbsp;<strong>de L\u2019Atelier du Bois sont fabriqu\u00e9s avec du pin des Landes.<\/strong><br>Quel que soit votre demande,&nbsp;<strong>L\u2019Atelier du Bois&nbsp;<\/strong>r\u00e9pondra \u00e0 l\u2019ensemble de vos exigences et<br>de vos contraintes. Nos coffrets ou autres produits sont personnalisables \u00e0 vos couleurs et<br>logos avec des techniques d\u2019impressions innovantes comme la gravure laser ou l\u2019impression<br>num\u00e9rique.<\/p>\n\n\n\n<p><br>En associant le savoir-faire d\u2019un atelier sp\u00e9cialis\u00e9 dans la fabrication de coffrets et boites en<br>bois, \u00e0 celui d\u2019un atelier sp\u00e9cialis\u00e9 dans les techniques de marquage sur bois, L\u2019Atelier du<br>Bois vous propose des emballages et packaging en bois personnalis\u00e9s sublimant vos produits<br>et mettant en valeur votre marque.<\/p>\n\n\n\n<p><br>&nbsp;Nous fabriquons des coffrets et des caisses en bois sur mesure pour r\u00e9pondre aux besoins<br>de votre entreprise.<\/p>\n\n\n\n<p><br>Vous souhaitez nous confier la r\u00e9alisation de votre projet ?<\/p>\n\n\n\n<p><a href=\"https:\/\/latelierdubois.net\/index.php\/comment-nous-contacter\/\" target=\"_blank\" rel=\"noreferrer noopener\">Contactez-nous&nbsp;!<\/a><\/p>\n\n\n\n<p><\/p>\n\n\n<div class=\"wp-block-image\">\n<figure class=\"aligncenter size-full is-resized\"><img loading=\"lazy\" decoding=\"async\" width=\"500\" height=\"500\" src=\"http:\/\/latelierdubois.net\/wp-content\/uploads\/2023\/07\/8-1.png\" alt=\"icone du site (logo)\" class=\"wp-image-27\" style=\"aspect-ratio:1;width:638px;height:auto\" srcset=\"https:\/\/latelierdubois.net\/wp-content\/uploads\/2023\/07\/8-1.png 500w, https:\/\/latelierdubois.net\/wp-content\/uploads\/2023\/07\/8-1-300x300.png 300w, https:\/\/latelierdubois.net\/wp-content\/uploads\/2023\/07\/8-1-150x150.png 150w\" sizes=\"auto, (max-width: 500px) 100vw, 500px\" \/><\/figure>\n<\/div>","protected":false},"excerpt":{"rendered":"<p>Qui sommes nous ? Sp\u00e9cialiste dans&nbsp;la conception et la fabrication&nbsp;de coffrets bois et coffrets techniques,L\u2019Atelier du Bois&nbsp;met \u00e0 votre disposition une expertise de&nbsp;plusieurs ann\u00e9es&nbsp;dans le domainede l\u2019emballage. L\u2019ensemble des produits&nbsp;de L\u2019Atelier du Bois sont fabriqu\u00e9s avec du pin des Landes.Quel que soit votre demande,&nbsp;L\u2019Atelier du Bois&nbsp;r\u00e9pondra \u00e0 l\u2019ensemble de vos exigences etde vos contraintes. Nos coffrets ou autres produits sont personnalisables \u00e0 vos couleurs etlogos avec des techniques d\u2019impressions innovantes comme la gravure laser ou l\u2019impressionnum\u00e9rique. En associant le savoir-faire d\u2019un atelier sp\u00e9cialis\u00e9 dans la fabrication de coffrets et boites enbois, \u00e0 celui d\u2019un atelier sp\u00e9cialis\u00e9 dans les techniques de marquage sur bois, L\u2019Atelier duBois vous propose des emballages et packaging en bois personnalis\u00e9s sublimant vos produitset mettant en valeur votre marque. &nbsp;Nous fabriquons des coffrets et des caisses en bois sur mesure pour r\u00e9pondre aux besoinsde votre entreprise. Vous souhaitez nous confier la r\u00e9alisation de votre projet ? Contactez-nous&nbsp;!<\/p>\n","protected":false},"author":1,"featured_media":0,"parent":0,"menu_order":0,"comment_status":"closed","ping_status":"closed","template":"","meta":{"_monsterinsights_skip_tracking":false,"_monsterinsights_sitenote_active":false,"_monsterinsights_sitenote_note":"","_monsterinsights_sitenote_category":0,"_uf_show_specific_survey":0,"_uf_disable_surveys":false,"footnotes":""},"class_list":["post-33","page","type-page","status-publish","hentry"],"yoast_head":"<!-- This site is optimized with the Yoast SEO plugin v27.3 - https:\/\/yoast.com\/product\/yoast-seo-wordpress\/ -->\n<title>QUI SOMMES NOUS ? - L&#039;ATELIER DU BOIS<\/title>\n<meta name=\"robots\" content=\"index, follow, max-snippet:-1, max-image-preview:large, max-video-preview:-1\" \/>\n<link rel=\"canonical\" href=\"https:\/\/latelierdubois.net\/index.php\/qui-sommes-nous\/\" \/>\n<meta property=\"og:locale\" content=\"en_US\" \/>\n<meta property=\"og:type\" content=\"article\" \/>\n<meta property=\"og:title\" content=\"QUI SOMMES NOUS ? - L&#039;ATELIER DU BOIS\" \/>\n<meta property=\"og:description\" content=\"Qui sommes nous ? Sp\u00e9cialiste dans&nbsp;la conception et la fabrication&nbsp;de coffrets bois et coffrets techniques,L\u2019Atelier du Bois&nbsp;met \u00e0 votre disposition une expertise de&nbsp;plusieurs ann\u00e9es&nbsp;dans le domainede l\u2019emballage. L\u2019ensemble des produits&nbsp;de L\u2019Atelier du Bois sont fabriqu\u00e9s avec du pin des Landes.Quel que soit votre demande,&nbsp;L\u2019Atelier du Bois&nbsp;r\u00e9pondra \u00e0 l\u2019ensemble de vos exigences etde vos contraintes. Nos coffrets ou autres produits sont personnalisables \u00e0 vos couleurs etlogos avec des techniques d\u2019impressions innovantes comme la gravure laser ou l\u2019impressionnum\u00e9rique. En associant le savoir-faire d\u2019un atelier sp\u00e9cialis\u00e9 dans la fabrication de coffrets et boites enbois, \u00e0 celui d\u2019un atelier sp\u00e9cialis\u00e9 dans les techniques de marquage sur bois, L\u2019Atelier duBois vous propose des emballages et packaging en bois personnalis\u00e9s sublimant vos produitset mettant en valeur votre marque. &nbsp;Nous fabriquons des coffrets et des caisses en bois sur mesure pour r\u00e9pondre aux besoinsde votre entreprise. Vous souhaitez nous confier la r\u00e9alisation de votre projet ? Contactez-nous&nbsp;!\" \/>\n<meta property=\"og:url\" content=\"https:\/\/latelierdubois.net\/index.php\/qui-sommes-nous\/\" \/>\n<meta property=\"og:site_name\" content=\"L&#039;ATELIER DU BOIS\" \/>\n<meta property=\"article:modified_time\" content=\"2023-11-01T08:03:29+00:00\" \/>\n<meta property=\"og:image\" content=\"http:\/\/latelierdubois.net\/wp-content\/uploads\/2023\/07\/8-1.png\" \/>\n<meta name=\"twitter:card\" content=\"summary_large_image\" \/>\n<meta name=\"twitter:label1\" content=\"Est. reading time\" \/>\n\t<meta name=\"twitter:data1\" content=\"2 minutes\" \/>\n<script type=\"application\/ld+json\" class=\"yoast-schema-graph\">{\"@context\":\"https:\\\/\\\/schema.org\",\"@graph\":[{\"@type\":\"WebPage\",\"@id\":\"https:\\\/\\\/latelierdubois.net\\\/index.php\\\/qui-sommes-nous\\\/\",\"url\":\"https:\\\/\\\/latelierdubois.net\\\/index.php\\\/qui-sommes-nous\\\/\",\"name\":\"QUI SOMMES NOUS ? - L&#039;ATELIER DU BOIS\",\"isPartOf\":{\"@id\":\"https:\\\/\\\/latelierdubois.net\\\/#website\"},\"primaryImageOfPage\":{\"@id\":\"https:\\\/\\\/latelierdubois.net\\\/index.php\\\/qui-sommes-nous\\\/#primaryimage\"},\"image\":{\"@id\":\"https:\\\/\\\/latelierdubois.net\\\/index.php\\\/qui-sommes-nous\\\/#primaryimage\"},\"thumbnailUrl\":\"http:\\\/\\\/latelierdubois.net\\\/wp-content\\\/uploads\\\/2023\\\/07\\\/8-1.png\",\"datePublished\":\"2023-07-17T09:40:35+00:00\",\"dateModified\":\"2023-11-01T08:03:29+00:00\",\"breadcrumb\":{\"@id\":\"https:\\\/\\\/latelierdubois.net\\\/index.php\\\/qui-sommes-nous\\\/#breadcrumb\"},\"inLanguage\":\"en-US\",\"potentialAction\":[{\"@type\":\"ReadAction\",\"target\":[\"https:\\\/\\\/latelierdubois.net\\\/index.php\\\/qui-sommes-nous\\\/\"]}]},{\"@type\":\"ImageObject\",\"inLanguage\":\"en-US\",\"@id\":\"https:\\\/\\\/latelierdubois.net\\\/index.php\\\/qui-sommes-nous\\\/#primaryimage\",\"url\":\"http:\\\/\\\/latelierdubois.net\\\/wp-content\\\/uploads\\\/2023\\\/07\\\/8-1.png\",\"contentUrl\":\"http:\\\/\\\/latelierdubois.net\\\/wp-content\\\/uploads\\\/2023\\\/07\\\/8-1.png\"},{\"@type\":\"BreadcrumbList\",\"@id\":\"https:\\\/\\\/latelierdubois.net\\\/index.php\\\/qui-sommes-nous\\\/#breadcrumb\",\"itemListElement\":[{\"@type\":\"ListItem\",\"position\":1,\"name\":\"Accueil\",\"item\":\"https:\\\/\\\/latelierdubois.net\\\/\"},{\"@type\":\"ListItem\",\"position\":2,\"name\":\"QUI SOMMES NOUS ?\"}]},{\"@type\":\"WebSite\",\"@id\":\"https:\\\/\\\/latelierdubois.net\\\/#website\",\"url\":\"https:\\\/\\\/latelierdubois.net\\\/\",\"name\":\"L'ATELIER DU BOIS\",\"description\":\"\",\"publisher\":{\"@id\":\"https:\\\/\\\/latelierdubois.net\\\/#organization\"},\"potentialAction\":[{\"@type\":\"SearchAction\",\"target\":{\"@type\":\"EntryPoint\",\"urlTemplate\":\"https:\\\/\\\/latelierdubois.net\\\/?s={search_term_string}\"},\"query-input\":{\"@type\":\"PropertyValueSpecification\",\"valueRequired\":true,\"valueName\":\"search_term_string\"}}],\"inLanguage\":\"en-US\"},{\"@type\":\"Organization\",\"@id\":\"https:\\\/\\\/latelierdubois.net\\\/#organization\",\"name\":\"L'ATELIER DU BOIS\",\"url\":\"https:\\\/\\\/latelierdubois.net\\\/\",\"logo\":{\"@type\":\"ImageObject\",\"inLanguage\":\"en-US\",\"@id\":\"https:\\\/\\\/latelierdubois.net\\\/#\\\/schema\\\/logo\\\/image\\\/\",\"url\":\"https:\\\/\\\/latelierdubois.net\\\/wp-content\\\/uploads\\\/2023\\\/11\\\/cropped-latelier-du-bois217.png\",\"contentUrl\":\"https:\\\/\\\/latelierdubois.net\\\/wp-content\\\/uploads\\\/2023\\\/11\\\/cropped-latelier-du-bois217.png\",\"width\":2216,\"height\":2324,\"caption\":\"L'ATELIER DU BOIS\"},\"image\":{\"@id\":\"https:\\\/\\\/latelierdubois.net\\\/#\\\/schema\\\/logo\\\/image\\\/\"}}]}<\/script>\n<!-- \/ Yoast SEO plugin. -->","yoast_head_json":{"title":"QUI SOMMES NOUS ? - L&#039;ATELIER DU BOIS","robots":{"index":"index","follow":"follow","max-snippet":"max-snippet:-1","max-image-preview":"max-image-preview:large","max-video-preview":"max-video-preview:-1"},"canonical":"https:\/\/latelierdubois.net\/index.php\/qui-sommes-nous\/","og_locale":"en_US","og_type":"article","og_title":"QUI SOMMES NOUS ? - L&#039;ATELIER DU BOIS","og_description":"Qui sommes nous ? Sp\u00e9cialiste dans&nbsp;la conception et la fabrication&nbsp;de coffrets bois et coffrets techniques,L\u2019Atelier du Bois&nbsp;met \u00e0 votre disposition une expertise de&nbsp;plusieurs ann\u00e9es&nbsp;dans le domainede l\u2019emballage. L\u2019ensemble des produits&nbsp;de L\u2019Atelier du Bois sont fabriqu\u00e9s avec du pin des Landes.Quel que soit votre demande,&nbsp;L\u2019Atelier du Bois&nbsp;r\u00e9pondra \u00e0 l\u2019ensemble de vos exigences etde vos contraintes. Nos coffrets ou autres produits sont personnalisables \u00e0 vos couleurs etlogos avec des techniques d\u2019impressions innovantes comme la gravure laser ou l\u2019impressionnum\u00e9rique. En associant le savoir-faire d\u2019un atelier sp\u00e9cialis\u00e9 dans la fabrication de coffrets et boites enbois, \u00e0 celui d\u2019un atelier sp\u00e9cialis\u00e9 dans les techniques de marquage sur bois, L\u2019Atelier duBois vous propose des emballages et packaging en bois personnalis\u00e9s sublimant vos produitset mettant en valeur votre marque. &nbsp;Nous fabriquons des coffrets et des caisses en bois sur mesure pour r\u00e9pondre aux besoinsde votre entreprise. Vous souhaitez nous confier la r\u00e9alisation de votre projet ? Contactez-nous&nbsp;!","og_url":"https:\/\/latelierdubois.net\/index.php\/qui-sommes-nous\/","og_site_name":"L&#039;ATELIER DU BOIS","article_modified_time":"2023-11-01T08:03:29+00:00","og_image":[{"url":"http:\/\/latelierdubois.net\/wp-content\/uploads\/2023\/07\/8-1.png","type":"","width":"","height":""}],"twitter_card":"summary_large_image","twitter_misc":{"Est. reading time":"2 minutes"},"schema":{"@context":"https:\/\/schema.org","@graph":[{"@type":"WebPage","@id":"https:\/\/latelierdubois.net\/index.php\/qui-sommes-nous\/","url":"https:\/\/latelierdubois.net\/index.php\/qui-sommes-nous\/","name":"QUI SOMMES NOUS ? - L&#039;ATELIER DU BOIS","isPartOf":{"@id":"https:\/\/latelierdubois.net\/#website"},"primaryImageOfPage":{"@id":"https:\/\/latelierdubois.net\/index.php\/qui-sommes-nous\/#primaryimage"},"image":{"@id":"https:\/\/latelierdubois.net\/index.php\/qui-sommes-nous\/#primaryimage"},"thumbnailUrl":"http:\/\/latelierdubois.net\/wp-content\/uploads\/2023\/07\/8-1.png","datePublished":"2023-07-17T09:40:35+00:00","dateModified":"2023-11-01T08:03:29+00:00","breadcrumb":{"@id":"https:\/\/latelierdubois.net\/index.php\/qui-sommes-nous\/#breadcrumb"},"inLanguage":"en-US","potentialAction":[{"@type":"ReadAction","target":["https:\/\/latelierdubois.net\/index.php\/qui-sommes-nous\/"]}]},{"@type":"ImageObject","inLanguage":"en-US","@id":"https:\/\/latelierdubois.net\/index.php\/qui-sommes-nous\/#primaryimage","url":"http:\/\/latelierdubois.net\/wp-content\/uploads\/2023\/07\/8-1.png","contentUrl":"http:\/\/latelierdubois.net\/wp-content\/uploads\/2023\/07\/8-1.png"},{"@type":"BreadcrumbList","@id":"https:\/\/latelierdubois.net\/index.php\/qui-sommes-nous\/#breadcrumb","itemListElement":[{"@type":"ListItem","position":1,"name":"Accueil","item":"https:\/\/latelierdubois.net\/"},{"@type":"ListItem","position":2,"name":"QUI SOMMES NOUS ?"}]},{"@type":"WebSite","@id":"https:\/\/latelierdubois.net\/#website","url":"https:\/\/latelierdubois.net\/","name":"L'ATELIER DU BOIS","description":"","publisher":{"@id":"https:\/\/latelierdubois.net\/#organization"},"potentialAction":[{"@type":"SearchAction","target":{"@type":"EntryPoint","urlTemplate":"https:\/\/latelierdubois.net\/?s={search_term_string}"},"query-input":{"@type":"PropertyValueSpecification","valueRequired":true,"valueName":"search_term_string"}}],"inLanguage":"en-US"},{"@type":"Organization","@id":"https:\/\/latelierdubois.net\/#organization","name":"L'ATELIER DU BOIS","url":"https:\/\/latelierdubois.net\/","logo":{"@type":"ImageObject","inLanguage":"en-US","@id":"https:\/\/latelierdubois.net\/#\/schema\/logo\/image\/","url":"https:\/\/latelierdubois.net\/wp-content\/uploads\/2023\/11\/cropped-latelier-du-bois217.png","contentUrl":"https:\/\/latelierdubois.net\/wp-content\/uploads\/2023\/11\/cropped-latelier-du-bois217.png","width":2216,"height":2324,"caption":"L'ATELIER DU BOIS"},"image":{"@id":"https:\/\/latelierdubois.net\/#\/schema\/logo\/image\/"}}]}},"_links":{"self":[{"href":"https:\/\/latelierdubois.net\/index.php\/wp-json\/wp\/v2\/pages\/33","targetHints":{"allow":["GET"]}}],"collection":[{"href":"https:\/\/latelierdubois.net\/index.php\/wp-json\/wp\/v2\/pages"}],"about":[{"href":"https:\/\/latelierdubois.net\/index.php\/wp-json\/wp\/v2\/types\/page"}],"author":[{"embeddable":true,"href":"https:\/\/latelierdubois.net\/index.php\/wp-json\/wp\/v2\/users\/1"}],"replies":[{"embeddable":true,"href":"https:\/\/latelierdubois.net\/index.php\/wp-json\/wp\/v2\/comments?post=33"}],"version-history":[{"count":3,"href":"https:\/\/latelierdubois.net\/index.php\/wp-json\/wp\/v2\/pages\/33\/revisions"}],"predecessor-version":[{"id":359,"href":"https:\/\/latelierdubois.net\/index.php\/wp-json\/wp\/v2\/pages\/33\/revisions\/359"}],"wp:attachment":[{"href":"https:\/\/latelierdubois.net\/index.php\/wp-json\/wp\/v2\/media?parent=33"}],"curies":[{"name":"wp","href":"https:\/\/api.w.org\/{rel}","templated":true}]}}