{"id":351,"date":"2023-10-30T17:48:48","date_gmt":"2023-10-30T16:48:48","guid":{"rendered":"https:\/\/latelierdubois.net\/?page_id=351"},"modified":"2024-03-06T15:28:46","modified_gmt":"2024-03-06T14:28:46","slug":"presentoirs-plv","status":"publish","type":"page","link":"https:\/\/latelierdubois.net\/index.php\/presentoirs-plv\/","title":{"rendered":"PRESENTOIRS PLV"},"content":{"rendered":"\n<div class=\"wp-block-group\"><div class=\"wp-block-group__inner-container is-layout-constrained wp-block-group-is-layout-constrained\"><div class=\"wp-block-image\">\n<figure class=\"alignleft size-full\"><img loading=\"lazy\" decoding=\"async\" width=\"243\" height=\"555\" src=\"http:\/\/latelierdubois.net\/wp-content\/uploads\/2023\/07\/Presentoir-PLV-e1702375538237.png\" alt=\"\" class=\"wp-image-174\" style=\"aspect-ratio:0.43783783783783786\" srcset=\"https:\/\/latelierdubois.net\/wp-content\/uploads\/2023\/07\/Presentoir-PLV-e1702375538237.png 243w, https:\/\/latelierdubois.net\/wp-content\/uploads\/2023\/07\/Presentoir-PLV-e1702375538237-131x300.png 131w\" sizes=\"auto, (max-width: 243px) 100vw, 243px\" \/><\/figure>\n<\/div><\/div><\/div>\n\n\n\n<p>Personnalisable \u00e0 vos couleurs ou celles de vos clients!<\/p>\n\n\n\n<p>Mettez vos bi\u00e8res en avant dans vos magasins o\u00f9 chez vos clients! <\/p>\n\n\n\n<p>Meuble pour pr\u00e9senter vos bi\u00e8res sur 5 \u00e9tages soit 5 x 28 bouteilles de 33 cl <\/p>\n\n\n\n<p>Minimum de commande 5 meubles <\/p>\n\n\n\n<p><strong>R\u00e9f\u00e9rence AR0024<\/strong> <\/p>\n\n\n\n<p>Nous consulter pour les prix<\/p>\n\n\n\n<div class=\"wp-block-group is-vertical is-layout-flex wp-container-core-group-is-layout-fe9cc265 wp-block-group-is-layout-flex\">\n<div class=\"wp-block-group\"><div class=\"wp-block-group__inner-container is-layout-constrained wp-block-group-is-layout-constrained\">\n<figure class=\"wp-block-image size-large is-resized\"><img loading=\"lazy\" decoding=\"async\" width=\"484\" height=\"1024\" src=\"https:\/\/latelierdubois.net\/wp-content\/uploads\/2023\/12\/PLV-484x1024.jpg\" alt=\"\" class=\"wp-image-455\" style=\"aspect-ratio:0.47265625;width:90px;height:auto\" srcset=\"https:\/\/latelierdubois.net\/wp-content\/uploads\/2023\/12\/PLV-484x1024.jpg 484w, https:\/\/latelierdubois.net\/wp-content\/uploads\/2023\/12\/PLV-142x300.jpg 142w, https:\/\/latelierdubois.net\/wp-content\/uploads\/2023\/12\/PLV-768x1624.jpg 768w, https:\/\/latelierdubois.net\/wp-content\/uploads\/2023\/12\/PLV-726x1536.jpg 726w, https:\/\/latelierdubois.net\/wp-content\/uploads\/2023\/12\/PLV-968x2048.jpg 968w, https:\/\/latelierdubois.net\/wp-content\/uploads\/2023\/12\/PLV.jpg 1027w\" sizes=\"auto, (max-width: 484px) 100vw, 484px\" \/><\/figure>\n<\/div><\/div>\n<\/div>\n\n\n\n<div class=\"wp-block-group\"><div class=\"wp-block-group__inner-container is-layout-constrained wp-block-group-is-layout-constrained\">\n<figure class=\"wp-block-image size-large is-resized\"><img loading=\"lazy\" decoding=\"async\" width=\"768\" height=\"1024\" src=\"https:\/\/latelierdubois.net\/wp-content\/uploads\/2023\/12\/Meuble-PLV-X-e_-bouteilles-1-768x1024.jpg\" alt=\"\" class=\"wp-image-457\" style=\"aspect-ratio:0.75;width:239px;height:auto\" srcset=\"https:\/\/latelierdubois.net\/wp-content\/uploads\/2023\/12\/Meuble-PLV-X-e_-bouteilles-1-768x1024.jpg 768w, https:\/\/latelierdubois.net\/wp-content\/uploads\/2023\/12\/Meuble-PLV-X-e_-bouteilles-1-225x300.jpg 225w, https:\/\/latelierdubois.net\/wp-content\/uploads\/2023\/12\/Meuble-PLV-X-e_-bouteilles-1-1152x1536.jpg 1152w, https:\/\/latelierdubois.net\/wp-content\/uploads\/2023\/12\/Meuble-PLV-X-e_-bouteilles-1-1536x2048.jpg 1536w, https:\/\/latelierdubois.net\/wp-content\/uploads\/2023\/12\/Meuble-PLV-X-e_-bouteilles-1-1140x1520.jpg 1140w, https:\/\/latelierdubois.net\/wp-content\/uploads\/2023\/12\/Meuble-PLV-X-e_-bouteilles-1-scaled.jpg 1920w\" sizes=\"auto, (max-width: 768px) 100vw, 768px\" \/><\/figure>\n<\/div><\/div>\n","protected":false},"excerpt":{"rendered":"<p>Personnalisable \u00e0 vos couleurs ou celles de vos clients! Mettez vos bi\u00e8res en avant dans vos magasins o\u00f9 chez vos clients! Meuble pour pr\u00e9senter vos bi\u00e8res sur 5 \u00e9tages soit 5 x 28 bouteilles de 33 cl Minimum de commande 5 meubles R\u00e9f\u00e9rence AR0024 Nous consulter pour les prix<\/p>\n","protected":false},"author":1,"featured_media":0,"parent":0,"menu_order":0,"comment_status":"closed","ping_status":"closed","template":"","meta":{"_monsterinsights_skip_tracking":false,"_monsterinsights_sitenote_active":false,"_monsterinsights_sitenote_note":"","_monsterinsights_sitenote_category":0,"_uf_show_specific_survey":0,"_uf_disable_surveys":false,"footnotes":""},"class_list":["post-351","page","type-page","status-publish","hentry"],"yoast_head":"<!-- This site is optimized with the Yoast SEO plugin v27.3 - https:\/\/yoast.com\/product\/yoast-seo-wordpress\/ -->\n<title>PRESENTOIRS PLV - L&#039;ATELIER DU BOIS<\/title>\n<meta name=\"robots\" content=\"index, follow, max-snippet:-1, max-image-preview:large, max-video-preview:-1\" \/>\n<link rel=\"canonical\" href=\"https:\/\/latelierdubois.net\/index.php\/presentoirs-plv\/\" \/>\n<meta property=\"og:locale\" content=\"en_US\" \/>\n<meta property=\"og:type\" content=\"article\" \/>\n<meta property=\"og:title\" content=\"PRESENTOIRS PLV - L&#039;ATELIER DU BOIS\" \/>\n<meta property=\"og:description\" content=\"Personnalisable \u00e0 vos couleurs ou celles de vos clients! Mettez vos bi\u00e8res en avant dans vos magasins o\u00f9 chez vos clients! Meuble pour pr\u00e9senter vos bi\u00e8res sur 5 \u00e9tages soit 5 x 28 bouteilles de 33 cl Minimum de commande 5 meubles R\u00e9f\u00e9rence AR0024 Nous consulter pour les prix\" \/>\n<meta property=\"og:url\" content=\"https:\/\/latelierdubois.net\/index.php\/presentoirs-plv\/\" \/>\n<meta property=\"og:site_name\" content=\"L&#039;ATELIER DU BOIS\" \/>\n<meta property=\"article:modified_time\" content=\"2024-03-06T14:28:46+00:00\" \/>\n<meta property=\"og:image\" content=\"http:\/\/latelierdubois.net\/wp-content\/uploads\/2023\/07\/Presentoir-PLV-e1702375538237.png\" \/>\n<meta name=\"twitter:card\" content=\"summary_large_image\" \/>\n<meta name=\"twitter:label1\" content=\"Est. reading time\" \/>\n\t<meta name=\"twitter:data1\" content=\"1 minute\" \/>\n<script type=\"application\/ld+json\" class=\"yoast-schema-graph\">{\"@context\":\"https:\\\/\\\/schema.org\",\"@graph\":[{\"@type\":\"WebPage\",\"@id\":\"https:\\\/\\\/latelierdubois.net\\\/index.php\\\/presentoirs-plv\\\/\",\"url\":\"https:\\\/\\\/latelierdubois.net\\\/index.php\\\/presentoirs-plv\\\/\",\"name\":\"PRESENTOIRS PLV - L&#039;ATELIER DU BOIS\",\"isPartOf\":{\"@id\":\"https:\\\/\\\/latelierdubois.net\\\/#website\"},\"primaryImageOfPage\":{\"@id\":\"https:\\\/\\\/latelierdubois.net\\\/index.php\\\/presentoirs-plv\\\/#primaryimage\"},\"image\":{\"@id\":\"https:\\\/\\\/latelierdubois.net\\\/index.php\\\/presentoirs-plv\\\/#primaryimage\"},\"thumbnailUrl\":\"http:\\\/\\\/latelierdubois.net\\\/wp-content\\\/uploads\\\/2023\\\/07\\\/Presentoir-PLV-e1702375538237.png\",\"datePublished\":\"2023-10-30T16:48:48+00:00\",\"dateModified\":\"2024-03-06T14:28:46+00:00\",\"breadcrumb\":{\"@id\":\"https:\\\/\\\/latelierdubois.net\\\/index.php\\\/presentoirs-plv\\\/#breadcrumb\"},\"inLanguage\":\"en-US\",\"potentialAction\":[{\"@type\":\"ReadAction\",\"target\":[\"https:\\\/\\\/latelierdubois.net\\\/index.php\\\/presentoirs-plv\\\/\"]}]},{\"@type\":\"ImageObject\",\"inLanguage\":\"en-US\",\"@id\":\"https:\\\/\\\/latelierdubois.net\\\/index.php\\\/presentoirs-plv\\\/#primaryimage\",\"url\":\"http:\\\/\\\/latelierdubois.net\\\/wp-content\\\/uploads\\\/2023\\\/07\\\/Presentoir-PLV-e1702375538237.png\",\"contentUrl\":\"http:\\\/\\\/latelierdubois.net\\\/wp-content\\\/uploads\\\/2023\\\/07\\\/Presentoir-PLV-e1702375538237.png\"},{\"@type\":\"BreadcrumbList\",\"@id\":\"https:\\\/\\\/latelierdubois.net\\\/index.php\\\/presentoirs-plv\\\/#breadcrumb\",\"itemListElement\":[{\"@type\":\"ListItem\",\"position\":1,\"name\":\"Accueil\",\"item\":\"https:\\\/\\\/latelierdubois.net\\\/\"},{\"@type\":\"ListItem\",\"position\":2,\"name\":\"PRESENTOIRS PLV\"}]},{\"@type\":\"WebSite\",\"@id\":\"https:\\\/\\\/latelierdubois.net\\\/#website\",\"url\":\"https:\\\/\\\/latelierdubois.net\\\/\",\"name\":\"L'ATELIER DU BOIS\",\"description\":\"\",\"publisher\":{\"@id\":\"https:\\\/\\\/latelierdubois.net\\\/#organization\"},\"potentialAction\":[{\"@type\":\"SearchAction\",\"target\":{\"@type\":\"EntryPoint\",\"urlTemplate\":\"https:\\\/\\\/latelierdubois.net\\\/?s={search_term_string}\"},\"query-input\":{\"@type\":\"PropertyValueSpecification\",\"valueRequired\":true,\"valueName\":\"search_term_string\"}}],\"inLanguage\":\"en-US\"},{\"@type\":\"Organization\",\"@id\":\"https:\\\/\\\/latelierdubois.net\\\/#organization\",\"name\":\"L'ATELIER DU BOIS\",\"url\":\"https:\\\/\\\/latelierdubois.net\\\/\",\"logo\":{\"@type\":\"ImageObject\",\"inLanguage\":\"en-US\",\"@id\":\"https:\\\/\\\/latelierdubois.net\\\/#\\\/schema\\\/logo\\\/image\\\/\",\"url\":\"https:\\\/\\\/latelierdubois.net\\\/wp-content\\\/uploads\\\/2023\\\/11\\\/cropped-latelier-du-bois217.png\",\"contentUrl\":\"https:\\\/\\\/latelierdubois.net\\\/wp-content\\\/uploads\\\/2023\\\/11\\\/cropped-latelier-du-bois217.png\",\"width\":2216,\"height\":2324,\"caption\":\"L'ATELIER DU BOIS\"},\"image\":{\"@id\":\"https:\\\/\\\/latelierdubois.net\\\/#\\\/schema\\\/logo\\\/image\\\/\"}}]}<\/script>\n<!-- \/ Yoast SEO plugin. -->","yoast_head_json":{"title":"PRESENTOIRS PLV - L&#039;ATELIER DU BOIS","robots":{"index":"index","follow":"follow","max-snippet":"max-snippet:-1","max-image-preview":"max-image-preview:large","max-video-preview":"max-video-preview:-1"},"canonical":"https:\/\/latelierdubois.net\/index.php\/presentoirs-plv\/","og_locale":"en_US","og_type":"article","og_title":"PRESENTOIRS PLV - L&#039;ATELIER DU BOIS","og_description":"Personnalisable \u00e0 vos couleurs ou celles de vos clients! Mettez vos bi\u00e8res en avant dans vos magasins o\u00f9 chez vos clients! Meuble pour pr\u00e9senter vos bi\u00e8res sur 5 \u00e9tages soit 5 x 28 bouteilles de 33 cl Minimum de commande 5 meubles R\u00e9f\u00e9rence AR0024 Nous consulter pour les prix","og_url":"https:\/\/latelierdubois.net\/index.php\/presentoirs-plv\/","og_site_name":"L&#039;ATELIER DU BOIS","article_modified_time":"2024-03-06T14:28:46+00:00","og_image":[{"url":"http:\/\/latelierdubois.net\/wp-content\/uploads\/2023\/07\/Presentoir-PLV-e1702375538237.png","type":"","width":"","height":""}],"twitter_card":"summary_large_image","twitter_misc":{"Est. reading time":"1 minute"},"schema":{"@context":"https:\/\/schema.org","@graph":[{"@type":"WebPage","@id":"https:\/\/latelierdubois.net\/index.php\/presentoirs-plv\/","url":"https:\/\/latelierdubois.net\/index.php\/presentoirs-plv\/","name":"PRESENTOIRS PLV - L&#039;ATELIER DU BOIS","isPartOf":{"@id":"https:\/\/latelierdubois.net\/#website"},"primaryImageOfPage":{"@id":"https:\/\/latelierdubois.net\/index.php\/presentoirs-plv\/#primaryimage"},"image":{"@id":"https:\/\/latelierdubois.net\/index.php\/presentoirs-plv\/#primaryimage"},"thumbnailUrl":"http:\/\/latelierdubois.net\/wp-content\/uploads\/2023\/07\/Presentoir-PLV-e1702375538237.png","datePublished":"2023-10-30T16:48:48+00:00","dateModified":"2024-03-06T14:28:46+00:00","breadcrumb":{"@id":"https:\/\/latelierdubois.net\/index.php\/presentoirs-plv\/#breadcrumb"},"inLanguage":"en-US","potentialAction":[{"@type":"ReadAction","target":["https:\/\/latelierdubois.net\/index.php\/presentoirs-plv\/"]}]},{"@type":"ImageObject","inLanguage":"en-US","@id":"https:\/\/latelierdubois.net\/index.php\/presentoirs-plv\/#primaryimage","url":"http:\/\/latelierdubois.net\/wp-content\/uploads\/2023\/07\/Presentoir-PLV-e1702375538237.png","contentUrl":"http:\/\/latelierdubois.net\/wp-content\/uploads\/2023\/07\/Presentoir-PLV-e1702375538237.png"},{"@type":"BreadcrumbList","@id":"https:\/\/latelierdubois.net\/index.php\/presentoirs-plv\/#breadcrumb","itemListElement":[{"@type":"ListItem","position":1,"name":"Accueil","item":"https:\/\/latelierdubois.net\/"},{"@type":"ListItem","position":2,"name":"PRESENTOIRS PLV"}]},{"@type":"WebSite","@id":"https:\/\/latelierdubois.net\/#website","url":"https:\/\/latelierdubois.net\/","name":"L'ATELIER DU BOIS","description":"","publisher":{"@id":"https:\/\/latelierdubois.net\/#organization"},"potentialAction":[{"@type":"SearchAction","target":{"@type":"EntryPoint","urlTemplate":"https:\/\/latelierdubois.net\/?s={search_term_string}"},"query-input":{"@type":"PropertyValueSpecification","valueRequired":true,"valueName":"search_term_string"}}],"inLanguage":"en-US"},{"@type":"Organization","@id":"https:\/\/latelierdubois.net\/#organization","name":"L'ATELIER DU BOIS","url":"https:\/\/latelierdubois.net\/","logo":{"@type":"ImageObject","inLanguage":"en-US","@id":"https:\/\/latelierdubois.net\/#\/schema\/logo\/image\/","url":"https:\/\/latelierdubois.net\/wp-content\/uploads\/2023\/11\/cropped-latelier-du-bois217.png","contentUrl":"https:\/\/latelierdubois.net\/wp-content\/uploads\/2023\/11\/cropped-latelier-du-bois217.png","width":2216,"height":2324,"caption":"L'ATELIER DU BOIS"},"image":{"@id":"https:\/\/latelierdubois.net\/#\/schema\/logo\/image\/"}}]}},"_links":{"self":[{"href":"https:\/\/latelierdubois.net\/index.php\/wp-json\/wp\/v2\/pages\/351","targetHints":{"allow":["GET"]}}],"collection":[{"href":"https:\/\/latelierdubois.net\/index.php\/wp-json\/wp\/v2\/pages"}],"about":[{"href":"https:\/\/latelierdubois.net\/index.php\/wp-json\/wp\/v2\/types\/page"}],"author":[{"embeddable":true,"href":"https:\/\/latelierdubois.net\/index.php\/wp-json\/wp\/v2\/users\/1"}],"replies":[{"embeddable":true,"href":"https:\/\/latelierdubois.net\/index.php\/wp-json\/wp\/v2\/comments?post=351"}],"version-history":[{"count":5,"href":"https:\/\/latelierdubois.net\/index.php\/wp-json\/wp\/v2\/pages\/351\/revisions"}],"predecessor-version":[{"id":510,"href":"https:\/\/latelierdubois.net\/index.php\/wp-json\/wp\/v2\/pages\/351\/revisions\/510"}],"wp:attachment":[{"href":"https:\/\/latelierdubois.net\/index.php\/wp-json\/wp\/v2\/media?parent=351"}],"curies":[{"name":"wp","href":"https:\/\/api.w.org\/{rel}","templated":true}]}}