{"id":36,"date":"2023-07-17T11:40:35","date_gmt":"2023-07-17T09:40:35","guid":{"rendered":"https:\/\/latelierdubois.net\/?page_id=36"},"modified":"2023-09-20T11:48:57","modified_gmt":"2023-09-20T09:48:57","slug":"demande-de-devis","status":"publish","type":"page","link":"https:\/\/latelierdubois.net\/index.php\/demande-de-devis\/","title":{"rendered":"DEMANDE DE DEVIS"},"content":{"rendered":"\n<p><strong><em>DEMANDE DE DEVIS PERSONNALISEE<\/em><\/strong><\/p>\n\n\n\n<p>Vous souhaitez  un devis personnalis\u00e9 et d\u00e9couvrir comment nous pouvons r\u00e9pondre pr\u00e9cis\u00e9ment \u00e0 vos besoins et surpasser vos attentes ? <\/p>\n\n\n\n<p>Dans ce cas l\u00e0, remplissez notre formulaire &#8220;Demande de devis&#8221; ou <a href=\"https:\/\/latelierdubois.net\/index.php\/comment-nous-contacter\/\" target=\"_blank\" rel=\"noopener\" title=\"contactez nous\">contactez nous<\/a>. <\/p>\n\n\n\n<p>Nous r\u00e9pondrons \u00e0 votre demande dans les plus br\u00e8ves d\u00e9lais. <\/p>\n\n\n\n<hr class=\"wp-block-separator has-alpha-channel-opacity\"\/>\n\n\n\n<p><\/p>\n\n\n<style id=\"wpforms-css-vars-109-block-fd3ddcb1-20c2-430e-b0b4-6f5e6dd858f5\">\n\t\t\t\t#wpforms-109.wpforms-block-fd3ddcb1-20c2-430e-b0b4-6f5e6dd858f5 {\n\t\t\t\t--wpforms-button-background-color: #39414D;\n\t\t\t}\n\t\t\t<\/style><div class=\"wpforms-container wpforms-container-full wpforms-block wpforms-block-fd3ddcb1-20c2-430e-b0b4-6f5e6dd858f5 wpforms-render-modern\" id=\"wpforms-109\"><form id=\"wpforms-form-109\" class=\"wpforms-validate wpforms-form wpforms-ajax-form\" data-formid=\"109\" method=\"post\" enctype=\"multipart\/form-data\" action=\"\/index.php\/wp-json\/wp\/v2\/pages\/36\" data-token=\"3963404432a77f9e568188cbefde3be9\" data-token-time=\"1775270624\"><div class=\"wpforms-head-container\"><div class=\"wpforms-title\">Demande de devis<\/div><\/div><noscript class=\"wpforms-error-noscript\">Please enable JavaScript in your browser to complete this form.<\/noscript><div id=\"wpforms-error-noscript\" style=\"display: none;\">Please enable JavaScript in your browser to complete this form.<\/div><div class=\"wpforms-field-container\"><div id=\"wpforms-109-field_10-container\" class=\"wpforms-field wpforms-field-name\" data-field-id=\"10\"><label class=\"wpforms-field-label\" for=\"wpforms-109-field_10\">Nom de l&#039;entreprise <span class=\"wpforms-required-label\" aria-hidden=\"true\">*<\/span><\/label><input type=\"text\" id=\"wpforms-109-field_10\" class=\"wpforms-field-medium wpforms-field-required\" name=\"wpforms[fields][10]\" aria-errormessage=\"wpforms-109-field_10-error\" required><\/div><div id=\"wpforms-109-field_2-container\" class=\"wpforms-field wpforms-field-checkbox wpforms-list-inline\" data-field-id=\"2\"><fieldset><legend class=\"wpforms-field-label\">Votre activit\u00e9<\/legend><ul id=\"wpforms-109-field_2\"><li class=\"choice-1 depth-1\"><input type=\"checkbox\" id=\"wpforms-109-field_2_1\" name=\"wpforms[fields][2][]\" value=\"Brasserie\" aria-errormessage=\"wpforms-109-field_2_1-error\"  ><label class=\"wpforms-field-label-inline\" for=\"wpforms-109-field_2_1\">Brasserie<\/label><\/li><li class=\"choice-2 depth-1\"><input type=\"checkbox\" id=\"wpforms-109-field_2_2\" name=\"wpforms[fields][2][]\" value=\"Caviste\" aria-errormessage=\"wpforms-109-field_2_2-error\"  ><label class=\"wpforms-field-label-inline\" for=\"wpforms-109-field_2_2\">Caviste<\/label><\/li><li class=\"choice-3 depth-1\"><input type=\"checkbox\" id=\"wpforms-109-field_2_3\" name=\"wpforms[fields][2][]\" value=\"Epicerie\" aria-errormessage=\"wpforms-109-field_2_3-error\"  ><label class=\"wpforms-field-label-inline\" for=\"wpforms-109-field_2_3\">Epicerie<\/label><\/li><li class=\"choice-4 depth-1\"><input type=\"checkbox\" id=\"wpforms-109-field_2_4\" name=\"wpforms[fields][2][]\" value=\"Autre\" aria-errormessage=\"wpforms-109-field_2_4-error\"  ><label class=\"wpforms-field-label-inline\" for=\"wpforms-109-field_2_4\">Autre<\/label><\/li><\/ul><\/fieldset><\/div><div id=\"wpforms-109-field_11-container\" class=\"wpforms-field wpforms-field-text\" data-field-id=\"11\"><label class=\"wpforms-field-label\" for=\"wpforms-109-field_11\">Num\u00e9ro de t\u00e9l\u00e9phone<\/label><input type=\"text\" id=\"wpforms-109-field_11\" class=\"wpforms-field-medium\" name=\"wpforms[fields][11]\" aria-errormessage=\"wpforms-109-field_11-error\" ><\/div><div id=\"wpforms-109-field_8-container\" class=\"wpforms-field wpforms-field-text\" data-field-id=\"8\"><label class=\"wpforms-field-label\" for=\"wpforms-109-field_8\">Adresse Mail <span class=\"wpforms-required-label\" aria-hidden=\"true\">*<\/span><\/label><input type=\"text\" id=\"wpforms-109-field_8\" class=\"wpforms-field-medium wpforms-field-required\" name=\"wpforms[fields][8]\" aria-errormessage=\"wpforms-109-field_8-error\" required><\/div><div id=\"wpforms-109-field_4-container\" class=\"wpforms-field wpforms-field-text\" data-field-id=\"4\"><label class=\"wpforms-field-label\" for=\"wpforms-109-field_4\">Produit(s) souhait\u00e9(s)  <span class=\"wpforms-required-label\" aria-hidden=\"true\">*<\/span><\/label><input type=\"text\" id=\"wpforms-109-field_4\" class=\"wpforms-field-medium wpforms-field-required\" name=\"wpforms[fields][4]\" aria-errormessage=\"wpforms-109-field_4-error\" required><\/div><div id=\"wpforms-109-field_6-container\" class=\"wpforms-field wpforms-field-text\" data-field-id=\"6\"><label class=\"wpforms-field-label\" for=\"wpforms-109-field_6\">Quantit\u00e9 souhait\u00e9e <span class=\"wpforms-required-label\" aria-hidden=\"true\">*<\/span><\/label><input type=\"text\" id=\"wpforms-109-field_6\" class=\"wpforms-field-medium wpforms-field-required\" name=\"wpforms[fields][6]\" aria-errormessage=\"wpforms-109-field_6-error\" required><\/div><div id=\"wpforms-109-field_9-container\" class=\"wpforms-field wpforms-field-textarea\" data-field-id=\"9\"><label class=\"wpforms-field-label\" for=\"wpforms-109-field_9\">Commentaires<\/label><textarea id=\"wpforms-109-field_9\" class=\"wpforms-field-medium\" name=\"wpforms[fields][9]\" aria-errormessage=\"wpforms-109-field_9-error\" ><\/textarea><\/div><\/div><!-- .wpforms-field-container --><div class=\"wpforms-submit-container\" ><input type=\"hidden\" name=\"wpforms[id]\" value=\"109\"><input type=\"hidden\" name=\"page_title\" value=\"\"><input type=\"hidden\" name=\"page_url\" value=\"https:\/\/latelierdubois.net\/index.php\/wp-json\/wp\/v2\/pages\/36\"><input type=\"hidden\" name=\"url_referer\" value=\"\"><button type=\"submit\" name=\"wpforms[submit]\" id=\"wpforms-submit-109\" class=\"wpforms-submit\" data-alt-text=\"Envoi...\" data-submit-text=\"Envoyer\" aria-live=\"assertive\" value=\"wpforms-submit\">Envoyer<\/button><img loading=\"lazy\" decoding=\"async\" src=\"https:\/\/latelierdubois.net\/wp-content\/plugins\/wpforms-lite\/assets\/images\/submit-spin.svg\" class=\"wpforms-submit-spinner\" style=\"display: none;\" width=\"26\" height=\"26\" alt=\"Loading\"><\/div><\/form><\/div>  <!-- .wpforms-container -->","protected":false},"excerpt":{"rendered":"<p>DEMANDE DE DEVIS PERSONNALISEE Vous souhaitez un devis personnalis\u00e9 et d\u00e9couvrir comment nous pouvons r\u00e9pondre pr\u00e9cis\u00e9ment \u00e0 vos besoins et surpasser vos attentes ? Dans ce cas l\u00e0, remplissez notre formulaire &#8220;Demande de devis&#8221; ou contactez nous. Nous r\u00e9pondrons \u00e0 votre demande dans les plus br\u00e8ves d\u00e9lais.<\/p>\n","protected":false},"author":1,"featured_media":0,"parent":0,"menu_order":0,"comment_status":"closed","ping_status":"closed","template":"","meta":{"_monsterinsights_skip_tracking":false,"_monsterinsights_sitenote_active":false,"_monsterinsights_sitenote_note":"","_monsterinsights_sitenote_category":0,"_uf_show_specific_survey":0,"_uf_disable_surveys":false,"footnotes":""},"class_list":["post-36","page","type-page","status-publish","hentry"],"yoast_head":"<!-- This site is optimized with the Yoast SEO plugin v27.3 - https:\/\/yoast.com\/product\/yoast-seo-wordpress\/ -->\n<title>DEMANDE DE DEVIS - L&#039;ATELIER DU BOIS<\/title>\n<meta name=\"robots\" content=\"index, follow, max-snippet:-1, max-image-preview:large, max-video-preview:-1\" \/>\n<link rel=\"canonical\" href=\"https:\/\/latelierdubois.net\/index.php\/demande-de-devis\/\" \/>\n<meta property=\"og:locale\" content=\"en_US\" \/>\n<meta property=\"og:type\" content=\"article\" \/>\n<meta property=\"og:title\" content=\"DEMANDE DE DEVIS - L&#039;ATELIER DU BOIS\" \/>\n<meta property=\"og:description\" content=\"DEMANDE DE DEVIS PERSONNALISEE Vous souhaitez un devis personnalis\u00e9 et d\u00e9couvrir comment nous pouvons r\u00e9pondre pr\u00e9cis\u00e9ment \u00e0 vos besoins et surpasser vos attentes ? Dans ce cas l\u00e0, remplissez notre formulaire &#8220;Demande de devis&#8221; ou contactez nous. Nous r\u00e9pondrons \u00e0 votre demande dans les plus br\u00e8ves d\u00e9lais.\" \/>\n<meta property=\"og:url\" content=\"https:\/\/latelierdubois.net\/index.php\/demande-de-devis\/\" \/>\n<meta property=\"og:site_name\" content=\"L&#039;ATELIER DU BOIS\" \/>\n<meta property=\"article:modified_time\" content=\"2023-09-20T09:48:57+00:00\" \/>\n<meta name=\"twitter:card\" content=\"summary_large_image\" \/>\n<meta name=\"twitter:label1\" content=\"Est. reading time\" \/>\n\t<meta name=\"twitter:data1\" content=\"1 minute\" \/>\n<script type=\"application\/ld+json\" class=\"yoast-schema-graph\">{\"@context\":\"https:\\\/\\\/schema.org\",\"@graph\":[{\"@type\":\"WebPage\",\"@id\":\"https:\\\/\\\/latelierdubois.net\\\/index.php\\\/demande-de-devis\\\/\",\"url\":\"https:\\\/\\\/latelierdubois.net\\\/index.php\\\/demande-de-devis\\\/\",\"name\":\"DEMANDE DE DEVIS - L&#039;ATELIER DU BOIS\",\"isPartOf\":{\"@id\":\"https:\\\/\\\/latelierdubois.net\\\/#website\"},\"datePublished\":\"2023-07-17T09:40:35+00:00\",\"dateModified\":\"2023-09-20T09:48:57+00:00\",\"breadcrumb\":{\"@id\":\"https:\\\/\\\/latelierdubois.net\\\/index.php\\\/demande-de-devis\\\/#breadcrumb\"},\"inLanguage\":\"en-US\",\"potentialAction\":[{\"@type\":\"ReadAction\",\"target\":[\"https:\\\/\\\/latelierdubois.net\\\/index.php\\\/demande-de-devis\\\/\"]}]},{\"@type\":\"BreadcrumbList\",\"@id\":\"https:\\\/\\\/latelierdubois.net\\\/index.php\\\/demande-de-devis\\\/#breadcrumb\",\"itemListElement\":[{\"@type\":\"ListItem\",\"position\":1,\"name\":\"Accueil\",\"item\":\"https:\\\/\\\/latelierdubois.net\\\/\"},{\"@type\":\"ListItem\",\"position\":2,\"name\":\"DEMANDE DE DEVIS\"}]},{\"@type\":\"WebSite\",\"@id\":\"https:\\\/\\\/latelierdubois.net\\\/#website\",\"url\":\"https:\\\/\\\/latelierdubois.net\\\/\",\"name\":\"L'ATELIER DU BOIS\",\"description\":\"\",\"publisher\":{\"@id\":\"https:\\\/\\\/latelierdubois.net\\\/#organization\"},\"potentialAction\":[{\"@type\":\"SearchAction\",\"target\":{\"@type\":\"EntryPoint\",\"urlTemplate\":\"https:\\\/\\\/latelierdubois.net\\\/?s={search_term_string}\"},\"query-input\":{\"@type\":\"PropertyValueSpecification\",\"valueRequired\":true,\"valueName\":\"search_term_string\"}}],\"inLanguage\":\"en-US\"},{\"@type\":\"Organization\",\"@id\":\"https:\\\/\\\/latelierdubois.net\\\/#organization\",\"name\":\"L'ATELIER DU BOIS\",\"url\":\"https:\\\/\\\/latelierdubois.net\\\/\",\"logo\":{\"@type\":\"ImageObject\",\"inLanguage\":\"en-US\",\"@id\":\"https:\\\/\\\/latelierdubois.net\\\/#\\\/schema\\\/logo\\\/image\\\/\",\"url\":\"https:\\\/\\\/latelierdubois.net\\\/wp-content\\\/uploads\\\/2023\\\/11\\\/cropped-latelier-du-bois217.png\",\"contentUrl\":\"https:\\\/\\\/latelierdubois.net\\\/wp-content\\\/uploads\\\/2023\\\/11\\\/cropped-latelier-du-bois217.png\",\"width\":2216,\"height\":2324,\"caption\":\"L'ATELIER DU BOIS\"},\"image\":{\"@id\":\"https:\\\/\\\/latelierdubois.net\\\/#\\\/schema\\\/logo\\\/image\\\/\"}}]}<\/script>\n<!-- \/ Yoast SEO plugin. -->","yoast_head_json":{"title":"DEMANDE DE DEVIS - L&#039;ATELIER DU BOIS","robots":{"index":"index","follow":"follow","max-snippet":"max-snippet:-1","max-image-preview":"max-image-preview:large","max-video-preview":"max-video-preview:-1"},"canonical":"https:\/\/latelierdubois.net\/index.php\/demande-de-devis\/","og_locale":"en_US","og_type":"article","og_title":"DEMANDE DE DEVIS - L&#039;ATELIER DU BOIS","og_description":"DEMANDE DE DEVIS PERSONNALISEE Vous souhaitez un devis personnalis\u00e9 et d\u00e9couvrir comment nous pouvons r\u00e9pondre pr\u00e9cis\u00e9ment \u00e0 vos besoins et surpasser vos attentes ? Dans ce cas l\u00e0, remplissez notre formulaire &#8220;Demande de devis&#8221; ou contactez nous. Nous r\u00e9pondrons \u00e0 votre demande dans les plus br\u00e8ves d\u00e9lais.","og_url":"https:\/\/latelierdubois.net\/index.php\/demande-de-devis\/","og_site_name":"L&#039;ATELIER DU BOIS","article_modified_time":"2023-09-20T09:48:57+00:00","twitter_card":"summary_large_image","twitter_misc":{"Est. reading time":"1 minute"},"schema":{"@context":"https:\/\/schema.org","@graph":[{"@type":"WebPage","@id":"https:\/\/latelierdubois.net\/index.php\/demande-de-devis\/","url":"https:\/\/latelierdubois.net\/index.php\/demande-de-devis\/","name":"DEMANDE DE DEVIS - L&#039;ATELIER DU BOIS","isPartOf":{"@id":"https:\/\/latelierdubois.net\/#website"},"datePublished":"2023-07-17T09:40:35+00:00","dateModified":"2023-09-20T09:48:57+00:00","breadcrumb":{"@id":"https:\/\/latelierdubois.net\/index.php\/demande-de-devis\/#breadcrumb"},"inLanguage":"en-US","potentialAction":[{"@type":"ReadAction","target":["https:\/\/latelierdubois.net\/index.php\/demande-de-devis\/"]}]},{"@type":"BreadcrumbList","@id":"https:\/\/latelierdubois.net\/index.php\/demande-de-devis\/#breadcrumb","itemListElement":[{"@type":"ListItem","position":1,"name":"Accueil","item":"https:\/\/latelierdubois.net\/"},{"@type":"ListItem","position":2,"name":"DEMANDE DE DEVIS"}]},{"@type":"WebSite","@id":"https:\/\/latelierdubois.net\/#website","url":"https:\/\/latelierdubois.net\/","name":"L'ATELIER DU BOIS","description":"","publisher":{"@id":"https:\/\/latelierdubois.net\/#organization"},"potentialAction":[{"@type":"SearchAction","target":{"@type":"EntryPoint","urlTemplate":"https:\/\/latelierdubois.net\/?s={search_term_string}"},"query-input":{"@type":"PropertyValueSpecification","valueRequired":true,"valueName":"search_term_string"}}],"inLanguage":"en-US"},{"@type":"Organization","@id":"https:\/\/latelierdubois.net\/#organization","name":"L'ATELIER DU BOIS","url":"https:\/\/latelierdubois.net\/","logo":{"@type":"ImageObject","inLanguage":"en-US","@id":"https:\/\/latelierdubois.net\/#\/schema\/logo\/image\/","url":"https:\/\/latelierdubois.net\/wp-content\/uploads\/2023\/11\/cropped-latelier-du-bois217.png","contentUrl":"https:\/\/latelierdubois.net\/wp-content\/uploads\/2023\/11\/cropped-latelier-du-bois217.png","width":2216,"height":2324,"caption":"L'ATELIER DU BOIS"},"image":{"@id":"https:\/\/latelierdubois.net\/#\/schema\/logo\/image\/"}}]}},"_links":{"self":[{"href":"https:\/\/latelierdubois.net\/index.php\/wp-json\/wp\/v2\/pages\/36","targetHints":{"allow":["GET"]}}],"collection":[{"href":"https:\/\/latelierdubois.net\/index.php\/wp-json\/wp\/v2\/pages"}],"about":[{"href":"https:\/\/latelierdubois.net\/index.php\/wp-json\/wp\/v2\/types\/page"}],"author":[{"embeddable":true,"href":"https:\/\/latelierdubois.net\/index.php\/wp-json\/wp\/v2\/users\/1"}],"replies":[{"embeddable":true,"href":"https:\/\/latelierdubois.net\/index.php\/wp-json\/wp\/v2\/comments?post=36"}],"version-history":[{"count":9,"href":"https:\/\/latelierdubois.net\/index.php\/wp-json\/wp\/v2\/pages\/36\/revisions"}],"predecessor-version":[{"id":301,"href":"https:\/\/latelierdubois.net\/index.php\/wp-json\/wp\/v2\/pages\/36\/revisions\/301"}],"wp:attachment":[{"href":"https:\/\/latelierdubois.net\/index.php\/wp-json\/wp\/v2\/media?parent=36"}],"curies":[{"name":"wp","href":"https:\/\/api.w.org\/{rel}","templated":true}]}}