{"id":361,"date":"2023-11-01T10:16:09","date_gmt":"2023-11-01T09:16:09","guid":{"rendered":"https:\/\/latelierdubois.net\/?page_id=361"},"modified":"2023-11-16T14:32:05","modified_gmt":"2023-11-16T13:32:05","slug":"nos-coffrets-cannette","status":"publish","type":"page","link":"https:\/\/latelierdubois.net\/index.php\/nos-coffrets-cannette\/","title":{"rendered":"NOS COFFRETS CANETTES"},"content":{"rendered":"\n<p>L&#8217;Atelier du Bois vous propose de nombreux coffrets en bois de pins des Landes. Vous trouverez des coffrets de plusieurs dimensions, de diff\u00e9rents design.<\/p>\n\n\n<div class=\"wp-block-image\">\n<figure class=\"aligncenter size-large is-resized\"><img loading=\"lazy\" decoding=\"async\" width=\"599\" height=\"1024\" src=\"http:\/\/latelierdubois.net\/wp-content\/uploads\/2023\/11\/Canettes-3x33cl-scaled-e1700139747412-599x1024.jpg\" alt=\"\" class=\"wp-image-381\" style=\"aspect-ratio:0.5849609375;width:318px;height:auto\" srcset=\"https:\/\/latelierdubois.net\/wp-content\/uploads\/2023\/11\/Canettes-3x33cl-scaled-e1700139747412-599x1024.jpg 599w, https:\/\/latelierdubois.net\/wp-content\/uploads\/2023\/11\/Canettes-3x33cl-scaled-e1700139747412-175x300.jpg 175w, https:\/\/latelierdubois.net\/wp-content\/uploads\/2023\/11\/Canettes-3x33cl-scaled-e1700139747412-768x1313.jpg 768w, https:\/\/latelierdubois.net\/wp-content\/uploads\/2023\/11\/Canettes-3x33cl-scaled-e1700139747412-898x1536.jpg 898w, https:\/\/latelierdubois.net\/wp-content\/uploads\/2023\/11\/Canettes-3x33cl-scaled-e1700139747412-1140x1949.jpg 1140w, https:\/\/latelierdubois.net\/wp-content\/uploads\/2023\/11\/Canettes-3x33cl-scaled-e1700139747412.jpg 1174w\" sizes=\"auto, (max-width: 599px) 100vw, 599px\" \/><figcaption class=\"wp-element-caption\"><strong><em>Coffret cannette 3 X 33&nbsp;<\/em><\/strong>cl (r\u00e9f\u00e9rence: AR0027)<br><br>Coffret en Pins des Landes.<br>Possibilit\u00e9s de personnaliser les coffrets \u00e0 vos couleurs.<br>Ces coffrets en bois mettent en valeur le c\u00f4t\u00e9 authentique et artisanale de votre bi\u00e8re.<\/figcaption><\/figure>\n<\/div>\n\n\n<p><\/p>\n\n\n\n<p><\/p>\n\n\n<div class=\"wp-block-image\">\n<figure class=\"aligncenter size-large is-resized\"><img loading=\"lazy\" decoding=\"async\" width=\"768\" height=\"1024\" src=\"https:\/\/latelierdubois.net\/wp-content\/uploads\/2023\/11\/Canettes-4X33cl-768x1024.jpg\" alt=\"\" class=\"wp-image-389\" style=\"aspect-ratio:0.75;width:327px;height:auto\" srcset=\"https:\/\/latelierdubois.net\/wp-content\/uploads\/2023\/11\/Canettes-4X33cl-768x1024.jpg 768w, https:\/\/latelierdubois.net\/wp-content\/uploads\/2023\/11\/Canettes-4X33cl-225x300.jpg 225w, https:\/\/latelierdubois.net\/wp-content\/uploads\/2023\/11\/Canettes-4X33cl-1152x1536.jpg 1152w, https:\/\/latelierdubois.net\/wp-content\/uploads\/2023\/11\/Canettes-4X33cl-1536x2048.jpg 1536w, https:\/\/latelierdubois.net\/wp-content\/uploads\/2023\/11\/Canettes-4X33cl-1140x1520.jpg 1140w, https:\/\/latelierdubois.net\/wp-content\/uploads\/2023\/11\/Canettes-4X33cl-scaled.jpg 1920w\" sizes=\"auto, (max-width: 768px) 100vw, 768px\" \/><figcaption class=\"wp-element-caption\"><strong><em>Coffret canette 4 X 33&nbsp;<\/em><\/strong>cl (r\u00e9f\u00e9rence: AR0028)<br><br>Coffret en Pins des Landes.<br>Possibilit\u00e9s de personnaliser les coffrets \u00e0 vos couleurs.<br>Pr\u00e9sentation des canettes sur 2 \u00e9tages.<br>Ces coffrets en bois mettent en valeur le c\u00f4t\u00e9 authentique et artisanale de votre bi\u00e8re.<\/figcaption><\/figure>\n<\/div>\n\n<div class=\"wp-block-image\">\n<figure class=\"aligncenter size-large is-resized\"><img loading=\"lazy\" decoding=\"async\" width=\"1024\" height=\"623\" src=\"http:\/\/latelierdubois.net\/wp-content\/uploads\/2023\/11\/Canettes1-4x33cl-scaled-e1700140639221-1024x623.jpg\" alt=\"\" class=\"wp-image-392\" style=\"aspect-ratio:1.6436597110754414;width:393px;height:auto\" srcset=\"https:\/\/latelierdubois.net\/wp-content\/uploads\/2023\/11\/Canettes1-4x33cl-scaled-e1700140639221-1024x623.jpg 1024w, https:\/\/latelierdubois.net\/wp-content\/uploads\/2023\/11\/Canettes1-4x33cl-scaled-e1700140639221-300x182.jpg 300w, https:\/\/latelierdubois.net\/wp-content\/uploads\/2023\/11\/Canettes1-4x33cl-scaled-e1700140639221-768x467.jpg 768w, https:\/\/latelierdubois.net\/wp-content\/uploads\/2023\/11\/Canettes1-4x33cl-scaled-e1700140639221-1536x934.jpg 1536w, https:\/\/latelierdubois.net\/wp-content\/uploads\/2023\/11\/Canettes1-4x33cl-scaled-e1700140639221-2048x1246.jpg 2048w, https:\/\/latelierdubois.net\/wp-content\/uploads\/2023\/11\/Canettes1-4x33cl-scaled-e1700140639221-1140x693.jpg 1140w\" sizes=\"auto, (max-width: 1024px) 100vw, 1024px\" \/><figcaption class=\"wp-element-caption\"><strong><em>Coffret canette 4 X 33&nbsp;<\/em><\/strong>cl (r\u00e9f\u00e9rence: AR0029)<br><br>Coffret en Pins des Landes.<br>Possibilit\u00e9s de personnaliser les coffrets \u00e0 vos couleurs.<br>Ces coffrets en bois mettent en valeur le c\u00f4t\u00e9 authentique et artisanale de votre bi\u00e8re.<\/figcaption><\/figure>\n<\/div>\n\n<div class=\"wp-block-image\">\n<figure class=\"aligncenter size-large is-resized\"><img loading=\"lazy\" decoding=\"async\" width=\"1024\" height=\"650\" src=\"http:\/\/latelierdubois.net\/wp-content\/uploads\/2023\/11\/Canettes-6X33cl-scaled-e1700140844488-1024x650.jpg\" alt=\"\" class=\"wp-image-395\" style=\"aspect-ratio:1.5753846153846154;width:411px;height:auto\" srcset=\"https:\/\/latelierdubois.net\/wp-content\/uploads\/2023\/11\/Canettes-6X33cl-scaled-e1700140844488-1024x650.jpg 1024w, https:\/\/latelierdubois.net\/wp-content\/uploads\/2023\/11\/Canettes-6X33cl-scaled-e1700140844488-300x190.jpg 300w, https:\/\/latelierdubois.net\/wp-content\/uploads\/2023\/11\/Canettes-6X33cl-scaled-e1700140844488-768x487.jpg 768w, https:\/\/latelierdubois.net\/wp-content\/uploads\/2023\/11\/Canettes-6X33cl-scaled-e1700140844488-1536x975.jpg 1536w, https:\/\/latelierdubois.net\/wp-content\/uploads\/2023\/11\/Canettes-6X33cl-scaled-e1700140844488-2048x1300.jpg 2048w, https:\/\/latelierdubois.net\/wp-content\/uploads\/2023\/11\/Canettes-6X33cl-scaled-e1700140844488-1140x724.jpg 1140w\" sizes=\"auto, (max-width: 1024px) 100vw, 1024px\" \/><figcaption class=\"wp-element-caption\"><strong><em>Coffret Standard 6 X 33&nbsp;<\/em><\/strong>cl (r\u00e9f\u00e9rence: AR0030)<br><br>Coffret en Pins des Landes.<br>Possibilit\u00e9s de personnaliser les coffrets \u00e0 vos couleurs.<br>Ces coffrets en bois mettent en valeur le c\u00f4t\u00e9 authentique et artisanale de votre bi\u00e8re.<\/figcaption><\/figure>\n<\/div>\n\n<div class=\"wp-block-image\">\n<figure class=\"aligncenter size-large is-resized\"><img loading=\"lazy\" decoding=\"async\" width=\"821\" height=\"1024\" src=\"http:\/\/latelierdubois.net\/wp-content\/uploads\/2023\/11\/Canette-verres-scaled-e1700141236957-821x1024.jpg\" alt=\"\" class=\"wp-image-399\" style=\"aspect-ratio:0.8017578125;width:368px;height:auto\" srcset=\"https:\/\/latelierdubois.net\/wp-content\/uploads\/2023\/11\/Canette-verres-scaled-e1700141236957-821x1024.jpg 821w, https:\/\/latelierdubois.net\/wp-content\/uploads\/2023\/11\/Canette-verres-scaled-e1700141236957-241x300.jpg 241w, https:\/\/latelierdubois.net\/wp-content\/uploads\/2023\/11\/Canette-verres-scaled-e1700141236957-768x958.jpg 768w, https:\/\/latelierdubois.net\/wp-content\/uploads\/2023\/11\/Canette-verres-scaled-e1700141236957-1232x1536.jpg 1232w, https:\/\/latelierdubois.net\/wp-content\/uploads\/2023\/11\/Canette-verres-scaled-e1700141236957-1642x2048.jpg 1642w, https:\/\/latelierdubois.net\/wp-content\/uploads\/2023\/11\/Canette-verres-scaled-e1700141236957-1140x1422.jpg 1140w, https:\/\/latelierdubois.net\/wp-content\/uploads\/2023\/11\/Canette-verres-scaled-e1700141236957.jpg 1796w\" sizes=\"auto, (max-width: 821px) 100vw, 821px\" \/><figcaption class=\"wp-element-caption\"><strong><em>Coffret canettes 4 X 33\u00a0<\/em>cl + 2 verres <\/strong>(r\u00e9f\u00e9rence: AR0032)<br>Coffret en Pins des Landes.<br>Possibilit\u00e9s de personnaliser les coffrets \u00e0 vos couleurs.<br>Ces coffrets en bois mettent en valeur le c\u00f4t\u00e9 authentique et artisanale de votre bi\u00e8re.<\/figcaption><\/figure>\n<\/div>\n\n<div class=\"wp-block-image\">\n<figure class=\"aligncenter size-large is-resized\"><img loading=\"lazy\" decoding=\"async\" width=\"768\" height=\"1024\" src=\"https:\/\/latelierdubois.net\/wp-content\/uploads\/2023\/11\/Canettes-3x33cl-verres-768x1024.jpg\" alt=\"\" class=\"wp-image-402\" style=\"aspect-ratio:0.75;width:342px;height:auto\" srcset=\"https:\/\/latelierdubois.net\/wp-content\/uploads\/2023\/11\/Canettes-3x33cl-verres-768x1024.jpg 768w, https:\/\/latelierdubois.net\/wp-content\/uploads\/2023\/11\/Canettes-3x33cl-verres-225x300.jpg 225w, https:\/\/latelierdubois.net\/wp-content\/uploads\/2023\/11\/Canettes-3x33cl-verres-1152x1536.jpg 1152w, https:\/\/latelierdubois.net\/wp-content\/uploads\/2023\/11\/Canettes-3x33cl-verres-1536x2048.jpg 1536w, https:\/\/latelierdubois.net\/wp-content\/uploads\/2023\/11\/Canettes-3x33cl-verres-1140x1520.jpg 1140w, https:\/\/latelierdubois.net\/wp-content\/uploads\/2023\/11\/Canettes-3x33cl-verres-scaled.jpg 1920w\" sizes=\"auto, (max-width: 768px) 100vw, 768px\" \/><\/figure>\n<\/div>\n\n\n<p class=\"has-text-align-center\"><strong><em>Coffret canettes 3 X 33\u00a0<\/em>cl + 2 verres <\/strong>(r\u00e9f\u00e9rence: AR0033)<br>Coffret en Pins des Landes.<br>Possibilit\u00e9s de personnaliser les coffrets \u00e0 vos couleurs.<br>Ces coffrets en bois mettent en valeur le c\u00f4t\u00e9 authentique et artisanale de votre bi\u00e8re.<\/p>\n","protected":false},"excerpt":{"rendered":"<p>L&#8217;Atelier du Bois vous propose de nombreux coffrets en bois de pins des Landes. Vous trouverez des coffrets de plusieurs dimensions, de diff\u00e9rents design. Coffret canettes 3 X 33\u00a0cl + 2 verres (r\u00e9f\u00e9rence: AR0033)Coffret en Pins des Landes.Possibilit\u00e9s de personnaliser les coffrets \u00e0 vos couleurs.Ces coffrets en bois mettent en valeur le c\u00f4t\u00e9 authentique et artisanale de votre bi\u00e8re.<\/p>\n","protected":false},"author":1,"featured_media":0,"parent":0,"menu_order":0,"comment_status":"closed","ping_status":"closed","template":"","meta":{"_monsterinsights_skip_tracking":false,"_monsterinsights_sitenote_active":false,"_monsterinsights_sitenote_note":"","_monsterinsights_sitenote_category":0,"_uf_show_specific_survey":0,"_uf_disable_surveys":false,"footnotes":""},"class_list":["post-361","page","type-page","status-publish","hentry"],"yoast_head":"<!-- This site is optimized with the Yoast SEO plugin v27.3 - https:\/\/yoast.com\/product\/yoast-seo-wordpress\/ -->\n<title>NOS COFFRETS CANETTES - L&#039;ATELIER DU BOIS<\/title>\n<meta name=\"robots\" content=\"index, follow, max-snippet:-1, max-image-preview:large, max-video-preview:-1\" \/>\n<link rel=\"canonical\" href=\"https:\/\/latelierdubois.net\/index.php\/nos-coffrets-cannette\/\" \/>\n<meta property=\"og:locale\" content=\"en_US\" \/>\n<meta property=\"og:type\" content=\"article\" \/>\n<meta property=\"og:title\" content=\"NOS COFFRETS CANETTES - L&#039;ATELIER DU BOIS\" \/>\n<meta property=\"og:description\" content=\"L&#8217;Atelier du Bois vous propose de nombreux coffrets en bois de pins des Landes. Vous trouverez des coffrets de plusieurs dimensions, de diff\u00e9rents design. Coffret canettes 3 X 33\u00a0cl + 2 verres (r\u00e9f\u00e9rence: AR0033)Coffret en Pins des Landes.Possibilit\u00e9s de personnaliser les coffrets \u00e0 vos couleurs.Ces coffrets en bois mettent en valeur le c\u00f4t\u00e9 authentique et artisanale de votre bi\u00e8re.\" \/>\n<meta property=\"og:url\" content=\"https:\/\/latelierdubois.net\/index.php\/nos-coffrets-cannette\/\" \/>\n<meta property=\"og:site_name\" content=\"L&#039;ATELIER DU BOIS\" \/>\n<meta property=\"article:modified_time\" content=\"2023-11-16T13:32:05+00:00\" \/>\n<meta property=\"og:image\" content=\"http:\/\/latelierdubois.net\/wp-content\/uploads\/2023\/11\/Canettes-3x33cl-scaled-e1700139747412-599x1024.jpg\" \/>\n<meta name=\"twitter:card\" content=\"summary_large_image\" \/>\n<meta name=\"twitter:label1\" content=\"Est. reading time\" \/>\n\t<meta name=\"twitter:data1\" content=\"3 minutes\" \/>\n<script type=\"application\/ld+json\" class=\"yoast-schema-graph\">{\"@context\":\"https:\\\/\\\/schema.org\",\"@graph\":[{\"@type\":\"WebPage\",\"@id\":\"https:\\\/\\\/latelierdubois.net\\\/index.php\\\/nos-coffrets-cannette\\\/\",\"url\":\"https:\\\/\\\/latelierdubois.net\\\/index.php\\\/nos-coffrets-cannette\\\/\",\"name\":\"NOS COFFRETS CANETTES - L&#039;ATELIER DU BOIS\",\"isPartOf\":{\"@id\":\"https:\\\/\\\/latelierdubois.net\\\/#website\"},\"primaryImageOfPage\":{\"@id\":\"https:\\\/\\\/latelierdubois.net\\\/index.php\\\/nos-coffrets-cannette\\\/#primaryimage\"},\"image\":{\"@id\":\"https:\\\/\\\/latelierdubois.net\\\/index.php\\\/nos-coffrets-cannette\\\/#primaryimage\"},\"thumbnailUrl\":\"http:\\\/\\\/latelierdubois.net\\\/wp-content\\\/uploads\\\/2023\\\/11\\\/Canettes-3x33cl-scaled-e1700139747412-599x1024.jpg\",\"datePublished\":\"2023-11-01T09:16:09+00:00\",\"dateModified\":\"2023-11-16T13:32:05+00:00\",\"breadcrumb\":{\"@id\":\"https:\\\/\\\/latelierdubois.net\\\/index.php\\\/nos-coffrets-cannette\\\/#breadcrumb\"},\"inLanguage\":\"en-US\",\"potentialAction\":[{\"@type\":\"ReadAction\",\"target\":[\"https:\\\/\\\/latelierdubois.net\\\/index.php\\\/nos-coffrets-cannette\\\/\"]}]},{\"@type\":\"ImageObject\",\"inLanguage\":\"en-US\",\"@id\":\"https:\\\/\\\/latelierdubois.net\\\/index.php\\\/nos-coffrets-cannette\\\/#primaryimage\",\"url\":\"http:\\\/\\\/latelierdubois.net\\\/wp-content\\\/uploads\\\/2023\\\/11\\\/Canettes-3x33cl-scaled-e1700139747412-599x1024.jpg\",\"contentUrl\":\"http:\\\/\\\/latelierdubois.net\\\/wp-content\\\/uploads\\\/2023\\\/11\\\/Canettes-3x33cl-scaled-e1700139747412-599x1024.jpg\"},{\"@type\":\"BreadcrumbList\",\"@id\":\"https:\\\/\\\/latelierdubois.net\\\/index.php\\\/nos-coffrets-cannette\\\/#breadcrumb\",\"itemListElement\":[{\"@type\":\"ListItem\",\"position\":1,\"name\":\"Accueil\",\"item\":\"https:\\\/\\\/latelierdubois.net\\\/\"},{\"@type\":\"ListItem\",\"position\":2,\"name\":\"NOS COFFRETS CANETTES\"}]},{\"@type\":\"WebSite\",\"@id\":\"https:\\\/\\\/latelierdubois.net\\\/#website\",\"url\":\"https:\\\/\\\/latelierdubois.net\\\/\",\"name\":\"L'ATELIER DU BOIS\",\"description\":\"\",\"publisher\":{\"@id\":\"https:\\\/\\\/latelierdubois.net\\\/#organization\"},\"potentialAction\":[{\"@type\":\"SearchAction\",\"target\":{\"@type\":\"EntryPoint\",\"urlTemplate\":\"https:\\\/\\\/latelierdubois.net\\\/?s={search_term_string}\"},\"query-input\":{\"@type\":\"PropertyValueSpecification\",\"valueRequired\":true,\"valueName\":\"search_term_string\"}}],\"inLanguage\":\"en-US\"},{\"@type\":\"Organization\",\"@id\":\"https:\\\/\\\/latelierdubois.net\\\/#organization\",\"name\":\"L'ATELIER DU BOIS\",\"url\":\"https:\\\/\\\/latelierdubois.net\\\/\",\"logo\":{\"@type\":\"ImageObject\",\"inLanguage\":\"en-US\",\"@id\":\"https:\\\/\\\/latelierdubois.net\\\/#\\\/schema\\\/logo\\\/image\\\/\",\"url\":\"https:\\\/\\\/latelierdubois.net\\\/wp-content\\\/uploads\\\/2023\\\/11\\\/cropped-latelier-du-bois217.png\",\"contentUrl\":\"https:\\\/\\\/latelierdubois.net\\\/wp-content\\\/uploads\\\/2023\\\/11\\\/cropped-latelier-du-bois217.png\",\"width\":2216,\"height\":2324,\"caption\":\"L'ATELIER DU BOIS\"},\"image\":{\"@id\":\"https:\\\/\\\/latelierdubois.net\\\/#\\\/schema\\\/logo\\\/image\\\/\"}}]}<\/script>\n<!-- \/ Yoast SEO plugin. -->","yoast_head_json":{"title":"NOS COFFRETS CANETTES - L&#039;ATELIER DU BOIS","robots":{"index":"index","follow":"follow","max-snippet":"max-snippet:-1","max-image-preview":"max-image-preview:large","max-video-preview":"max-video-preview:-1"},"canonical":"https:\/\/latelierdubois.net\/index.php\/nos-coffrets-cannette\/","og_locale":"en_US","og_type":"article","og_title":"NOS COFFRETS CANETTES - L&#039;ATELIER DU BOIS","og_description":"L&#8217;Atelier du Bois vous propose de nombreux coffrets en bois de pins des Landes. Vous trouverez des coffrets de plusieurs dimensions, de diff\u00e9rents design. Coffret canettes 3 X 33\u00a0cl + 2 verres (r\u00e9f\u00e9rence: AR0033)Coffret en Pins des Landes.Possibilit\u00e9s de personnaliser les coffrets \u00e0 vos couleurs.Ces coffrets en bois mettent en valeur le c\u00f4t\u00e9 authentique et artisanale de votre bi\u00e8re.","og_url":"https:\/\/latelierdubois.net\/index.php\/nos-coffrets-cannette\/","og_site_name":"L&#039;ATELIER DU BOIS","article_modified_time":"2023-11-16T13:32:05+00:00","og_image":[{"url":"http:\/\/latelierdubois.net\/wp-content\/uploads\/2023\/11\/Canettes-3x33cl-scaled-e1700139747412-599x1024.jpg","type":"","width":"","height":""}],"twitter_card":"summary_large_image","twitter_misc":{"Est. reading time":"3 minutes"},"schema":{"@context":"https:\/\/schema.org","@graph":[{"@type":"WebPage","@id":"https:\/\/latelierdubois.net\/index.php\/nos-coffrets-cannette\/","url":"https:\/\/latelierdubois.net\/index.php\/nos-coffrets-cannette\/","name":"NOS COFFRETS CANETTES - L&#039;ATELIER DU BOIS","isPartOf":{"@id":"https:\/\/latelierdubois.net\/#website"},"primaryImageOfPage":{"@id":"https:\/\/latelierdubois.net\/index.php\/nos-coffrets-cannette\/#primaryimage"},"image":{"@id":"https:\/\/latelierdubois.net\/index.php\/nos-coffrets-cannette\/#primaryimage"},"thumbnailUrl":"http:\/\/latelierdubois.net\/wp-content\/uploads\/2023\/11\/Canettes-3x33cl-scaled-e1700139747412-599x1024.jpg","datePublished":"2023-11-01T09:16:09+00:00","dateModified":"2023-11-16T13:32:05+00:00","breadcrumb":{"@id":"https:\/\/latelierdubois.net\/index.php\/nos-coffrets-cannette\/#breadcrumb"},"inLanguage":"en-US","potentialAction":[{"@type":"ReadAction","target":["https:\/\/latelierdubois.net\/index.php\/nos-coffrets-cannette\/"]}]},{"@type":"ImageObject","inLanguage":"en-US","@id":"https:\/\/latelierdubois.net\/index.php\/nos-coffrets-cannette\/#primaryimage","url":"http:\/\/latelierdubois.net\/wp-content\/uploads\/2023\/11\/Canettes-3x33cl-scaled-e1700139747412-599x1024.jpg","contentUrl":"http:\/\/latelierdubois.net\/wp-content\/uploads\/2023\/11\/Canettes-3x33cl-scaled-e1700139747412-599x1024.jpg"},{"@type":"BreadcrumbList","@id":"https:\/\/latelierdubois.net\/index.php\/nos-coffrets-cannette\/#breadcrumb","itemListElement":[{"@type":"ListItem","position":1,"name":"Accueil","item":"https:\/\/latelierdubois.net\/"},{"@type":"ListItem","position":2,"name":"NOS COFFRETS CANETTES"}]},{"@type":"WebSite","@id":"https:\/\/latelierdubois.net\/#website","url":"https:\/\/latelierdubois.net\/","name":"L'ATELIER DU BOIS","description":"","publisher":{"@id":"https:\/\/latelierdubois.net\/#organization"},"potentialAction":[{"@type":"SearchAction","target":{"@type":"EntryPoint","urlTemplate":"https:\/\/latelierdubois.net\/?s={search_term_string}"},"query-input":{"@type":"PropertyValueSpecification","valueRequired":true,"valueName":"search_term_string"}}],"inLanguage":"en-US"},{"@type":"Organization","@id":"https:\/\/latelierdubois.net\/#organization","name":"L'ATELIER DU BOIS","url":"https:\/\/latelierdubois.net\/","logo":{"@type":"ImageObject","inLanguage":"en-US","@id":"https:\/\/latelierdubois.net\/#\/schema\/logo\/image\/","url":"https:\/\/latelierdubois.net\/wp-content\/uploads\/2023\/11\/cropped-latelier-du-bois217.png","contentUrl":"https:\/\/latelierdubois.net\/wp-content\/uploads\/2023\/11\/cropped-latelier-du-bois217.png","width":2216,"height":2324,"caption":"L'ATELIER DU BOIS"},"image":{"@id":"https:\/\/latelierdubois.net\/#\/schema\/logo\/image\/"}}]}},"_links":{"self":[{"href":"https:\/\/latelierdubois.net\/index.php\/wp-json\/wp\/v2\/pages\/361","targetHints":{"allow":["GET"]}}],"collection":[{"href":"https:\/\/latelierdubois.net\/index.php\/wp-json\/wp\/v2\/pages"}],"about":[{"href":"https:\/\/latelierdubois.net\/index.php\/wp-json\/wp\/v2\/types\/page"}],"author":[{"embeddable":true,"href":"https:\/\/latelierdubois.net\/index.php\/wp-json\/wp\/v2\/users\/1"}],"replies":[{"embeddable":true,"href":"https:\/\/latelierdubois.net\/index.php\/wp-json\/wp\/v2\/comments?post=361"}],"version-history":[{"count":12,"href":"https:\/\/latelierdubois.net\/index.php\/wp-json\/wp\/v2\/pages\/361\/revisions"}],"predecessor-version":[{"id":404,"href":"https:\/\/latelierdubois.net\/index.php\/wp-json\/wp\/v2\/pages\/361\/revisions\/404"}],"wp:attachment":[{"href":"https:\/\/latelierdubois.net\/index.php\/wp-json\/wp\/v2\/media?parent=361"}],"curies":[{"name":"wp","href":"https:\/\/api.w.org\/{rel}","templated":true}]}}